{"id":115071,"date":"2024-11-20T14:07:54","date_gmt":"2024-11-20T13:07:54","guid":{"rendered":"https:\/\/secureus.se\/?post_type=product&#038;p=115071"},"modified":"2026-01-12T12:58:05","modified_gmt":"2026-01-12T11:58:05","slug":"flexiboxx-a4-staende-frontskiva","status":"publish","type":"product","link":"https:\/\/secureus.se\/de\/flexiboxx-a4-staende-frontskiva\/","title":{"rendered":"FLEXIBOXX A4 vertikale Frontplatte"},"content":{"rendered":"<p>Formularfach, Prospektst\u00e4nder, Briefkasten \u2013 FLEXIBOXX ist eine Serie platzsparender, flexibler und wandmontierter Halter f\u00fcr Brosch\u00fcren, Zeitschriften, Formulare und andere Informationen im A4-Format. Jedes Fach hat ein Fassungsverm\u00f6gen von 24 mm dicken B\u00fcndeln. Dieses einzelne Fach im Hochformat kann zur Erweiterung von Sets verwendet werden, bei denen Sie bereits \u00fcber die Frontplatte verf\u00fcgen. Die Ma\u00dfe des Faches betragen 24x34x3 cm (BxHxT) und schr\u00e4g von der Wand montiert baut es 13,5 cm.<br \/>\nZubeh\u00f6r: Transparente Frontplatte Artikelnummer 1701498400<\/p>","protected":false},"excerpt":{"rendered":"<p>Frontplatte f\u00fcr Formularablage FLEXIBOXX A4 Hochformat.<\/p>","protected":false},"featured_media":133865,"template":"","meta":{"_acf_changed":false},"product_brand":[],"product_cat":[4280],"product_tag":[4376],"class_list":{"0":"post-115071","1":"product","2":"type-product","3":"status-publish","4":"has-post-thumbnail","6":"product_cat-broschyrstall","7":"product_tag-transparent","8":"product_shipping_class-tunga-paket","9":"pa_brands-durable","10":"pa_farg-transparent","11":"tm-no-options","13":"first","14":"instock","15":"sale","16":"taxable","17":"shipping-taxable","18":"purchasable","19":"product-type-simple"},"acf":[],"_links":{"self":[{"href":"https:\/\/secureus.se\/de\/wp-json\/wp\/v2\/product\/115071","targetHints":{"allow":["GET"]}}],"collection":[{"href":"https:\/\/secureus.se\/de\/wp-json\/wp\/v2\/product"}],"about":[{"href":"https:\/\/secureus.se\/de\/wp-json\/wp\/v2\/types\/product"}],"wp:featuredmedia":[{"embeddable":true,"href":"https:\/\/secureus.se\/de\/wp-json\/wp\/v2\/media\/133865"}],"wp:attachment":[{"href":"https:\/\/secureus.se\/de\/wp-json\/wp\/v2\/media?parent=115071"}],"wp:term":[{"taxonomy":"product_brand","embeddable":true,"href":"https:\/\/secureus.se\/de\/wp-json\/wp\/v2\/product_brand?post=115071"},{"taxonomy":"product_cat","embeddable":true,"href":"https:\/\/secureus.se\/de\/wp-json\/wp\/v2\/product_cat?post=115071"},{"taxonomy":"product_tag","embeddable":true,"href":"https:\/\/secureus.se\/de\/wp-json\/wp\/v2\/product_tag?post=115071"}],"curies":[{"name":"wp","href":"https:\/\/api.w.org\/{rel}","templated":true}]}}