{"id":115076,"date":"2024-11-20T13:55:21","date_gmt":"2024-11-20T12:55:21","guid":{"rendered":"https:\/\/secureus.se\/?post_type=product&#038;p=115076"},"modified":"2026-01-12T12:25:07","modified_gmt":"2026-01-12T11:25:07","slug":"dorrskylt-crystal-sign-105x105","status":"publish","type":"product","link":"https:\/\/secureus.se\/de\/dorrskylt-crystal-sign-105x105\/","title":{"rendered":"T\u00fcrschild CRYSTAL SIGN 105\u00d7105"},"content":{"rendered":"<p>Stilvolle T\u00fcr- und Wandschilder in verschiedenen Designs helfen den Besuchern bei der Orientierung und informieren dar\u00fcber, wer, welche Abteilung, welcher Veranstaltungs- oder Konferenzraum sich wo in den R\u00e4umlichkeiten befindet. Die CRYSTAL SIGN-Schilderserie besteht aus 2 Acrylplatten mit einer mattierten Einlageplatte dazwischen f\u00fcr den Text und alles wird durch dekorative Schrauben zusammengehalten. Das Schild wird mit einem Metallabstandshalter verschraubt, wodurch das Schild 3 cm von der Wand entfernt steht. Bohrlochschablone, Montageanleitung, 2 mattierte Einlegebl\u00e4tter sowie Schraube und D\u00fcbel im Lieferumfang enthalten. Gestalten Sie das Schild mit dem kostenlosen Programm DURAPRINT\u00ae, das unter www.duraprint.se erh\u00e4ltlich ist. und mit einem Laserdrucker auf das mattierte Einlegeblatt in der Schildergr\u00f6\u00dfe 105\u00d7105 mm drucken.<br \/>\nZubeh\u00f6r: Nachf\u00fcllbl\u00e4tter aus gefrostetem Papier, Artikelnummer 483019   <\/p>","protected":false},"excerpt":{"rendered":"<p>Elegantes und dezentes T\u00fcrschild aus Acryl-Kunststoff im Format 105x105mm. <\/p>","protected":false},"featured_media":135164,"template":"","meta":{"_acf_changed":false},"product_brand":[],"product_cat":[4264],"product_tag":[4376],"class_list":{"0":"post-115076","1":"product","2":"type-product","3":"status-publish","4":"has-post-thumbnail","6":"product_cat-dorrskyltar-i-akryl","7":"product_tag-transparent","8":"product_shipping_class-tunga-paket","9":"pa_brands-durable","10":"pa_farg-transparent","11":"tm-no-options","13":"first","14":"instock","15":"sale","16":"taxable","17":"shipping-taxable","18":"purchasable","19":"product-type-simple"},"acf":[],"_links":{"self":[{"href":"https:\/\/secureus.se\/de\/wp-json\/wp\/v2\/product\/115076","targetHints":{"allow":["GET"]}}],"collection":[{"href":"https:\/\/secureus.se\/de\/wp-json\/wp\/v2\/product"}],"about":[{"href":"https:\/\/secureus.se\/de\/wp-json\/wp\/v2\/types\/product"}],"wp:featuredmedia":[{"embeddable":true,"href":"https:\/\/secureus.se\/de\/wp-json\/wp\/v2\/media\/135164"}],"wp:attachment":[{"href":"https:\/\/secureus.se\/de\/wp-json\/wp\/v2\/media?parent=115076"}],"wp:term":[{"taxonomy":"product_brand","embeddable":true,"href":"https:\/\/secureus.se\/de\/wp-json\/wp\/v2\/product_brand?post=115076"},{"taxonomy":"product_cat","embeddable":true,"href":"https:\/\/secureus.se\/de\/wp-json\/wp\/v2\/product_cat?post=115076"},{"taxonomy":"product_tag","embeddable":true,"href":"https:\/\/secureus.se\/de\/wp-json\/wp\/v2\/product_tag?post=115076"}],"curies":[{"name":"wp","href":"https:\/\/api.w.org\/{rel}","templated":true}]}}