{"id":115077,"date":"2024-11-20T14:41:48","date_gmt":"2024-11-20T13:41:48","guid":{"rendered":"https:\/\/secureus.se\/?post_type=product&#038;p=115077"},"modified":"2026-01-12T12:29:06","modified_gmt":"2026-01-12T11:29:06","slug":"magnetram-duraframe-magnetic-top-for-a3-2","status":"publish","type":"product","link":"https:\/\/secureus.se\/de\/magnetram-duraframe-magnetic-top-for-a3-2\/","title":{"rendered":"Magnetrahmen DURAFRAME\u00ae MAGNETIC TOP f\u00fcr A3"},"content":{"rendered":"<p>Strukturieren Sie Informationen auf Metalluntergr\u00fcnden wie Whiteboards mit klaren und stilvollen \u00dcberschriften mit magnetisch haftenden Informationsrahmen DURAFRAME\u00ae MAGNETIC TOP. Die Kopfrahmen sind einfach zu verwenden \u2013 je nach Bedarf einfach anbringen, verschieben oder von der Basis entfernen. Auch als magnetische Namensschilder einsetzbar, z.B. Namen an Umkleideschr\u00e4nken. Erstellen Sie professionelle Schlagzeilen mit Vorlagen im kostenlosen Programm DURAPRINT\u00ae, verf\u00fcgbar unter www.duraprint.se.<br \/>\nEtikettenabmessungen: 297 x 40 mm f\u00fcr \u00dcberschrift im A3-Hochformat oder A4-Querformat<br \/>\nAu\u00dfenma\u00dfe: 323\u00d766 mm.<br \/>\nVerpackung mit 5 St\u00fcck.<\/p>","protected":false},"excerpt":{"rendered":"<p>Magnetischer Rahmen f\u00fcr stilvolle \u00dcberschriften f\u00fcr Dokumente im A3-Hochformat oder A4-Querformat.<\/p>","protected":false},"featured_media":133238,"template":"","meta":{"_acf_changed":false},"product_brand":[],"product_cat":[4295],"product_tag":[4382],"class_list":{"0":"post-115077","1":"product","2":"type-product","3":"status-publish","4":"has-post-thumbnail","6":"product_cat-inforamar-for-metallytor","7":"product_tag-silver","8":"product_shipping_class-tunga-paket","9":"pa_brands-durable","10":"pa_farg-silver","11":"tm-no-options","13":"first","14":"instock","15":"sale","16":"taxable","17":"shipping-taxable","18":"purchasable","19":"product-type-simple"},"acf":[],"_links":{"self":[{"href":"https:\/\/secureus.se\/de\/wp-json\/wp\/v2\/product\/115077","targetHints":{"allow":["GET"]}}],"collection":[{"href":"https:\/\/secureus.se\/de\/wp-json\/wp\/v2\/product"}],"about":[{"href":"https:\/\/secureus.se\/de\/wp-json\/wp\/v2\/types\/product"}],"wp:featuredmedia":[{"embeddable":true,"href":"https:\/\/secureus.se\/de\/wp-json\/wp\/v2\/media\/133238"}],"wp:attachment":[{"href":"https:\/\/secureus.se\/de\/wp-json\/wp\/v2\/media?parent=115077"}],"wp:term":[{"taxonomy":"product_brand","embeddable":true,"href":"https:\/\/secureus.se\/de\/wp-json\/wp\/v2\/product_brand?post=115077"},{"taxonomy":"product_cat","embeddable":true,"href":"https:\/\/secureus.se\/de\/wp-json\/wp\/v2\/product_cat?post=115077"},{"taxonomy":"product_tag","embeddable":true,"href":"https:\/\/secureus.se\/de\/wp-json\/wp\/v2\/product_tag?post=115077"}],"curies":[{"name":"wp","href":"https:\/\/api.w.org\/{rel}","templated":true}]}}