{"id":115089,"date":"2024-11-20T13:58:04","date_gmt":"2024-11-20T12:58:04","guid":{"rendered":"https:\/\/secureus.se\/?post_type=product&#038;p=115089"},"modified":"2026-01-12T12:29:25","modified_gmt":"2026-01-12T11:29:25","slug":"inforam-sjalvhaftande-duraframe-note-a4-2","status":"publish","type":"product","link":"https:\/\/secureus.se\/de\/inforam-sjalvhaftande-duraframe-note-a4-2\/","title":{"rendered":"Inforahmen selbstklebend DURAFRAME\u00ae NOTE A4"},"content":{"rendered":"<p>Nutzen Sie den selbstklebenden Inforahmen DURAFRAME\u00ae NOTE z.B. f\u00fcr Checklisten, Reinigungspl\u00e4ne, Registrierungslisten oder Wartungskontrollen, bei denen Notizen direkt auf dem Papier gemacht werden m\u00fcssen. Schnelle und einfache Handhabung: Schutzpapier abziehen \u2013 Duraframe aufkleben \u2013 Front mit Magnetverschluss anheben \u2013 bis zu 5 80 gr A4-Bl\u00e4tter einlegen \u2013 Front nach unten klappen \u2013 fertig! Einfacher Aufbau \u2013 ohne Werkzeug oder sonstiges Zubeh\u00f6r \u2013 auf festen und glatten Oberfl\u00e4chen. Saubere und einfachere Handhabung als beispielsweise Klebeband, Heftklammern oder Heftklammern. Dank Magneten an allen 3 zu \u00f6ffnenden Seiten bleibt der Einsatz sicher an seinem Platz. Stifthalter auf einer Seite. Der Rahmen sieht auf der Vorder- und R\u00fcckseite gleich aus und wenn er auf Glas gelegt wird, sind die Informationen von zwei Seiten lesbar. Bei Glasscheiben ist der Rahmen abnehmbar. Bei der Demontage des Rahmens k\u00f6nnen lackierte, beschichtete oder laminierte Oberfl\u00e4chen besch\u00e4digt werden. F\u00fcr Dokumente im A4-Format.<br \/>\nVerpackung mit 1 Stk.<\/p>","protected":false},"excerpt":{"rendered":"<p>Einfach zu verwendender, selbstklebender Inforahmen f\u00fcr Notizen direkt auf Papier. Vorderseite mit Magnetverschluss zum einfachen Austauschen der Eins\u00e4tze. <\/p>","protected":false},"featured_media":135019,"template":"","meta":{"_acf_changed":false},"product_brand":[],"product_cat":[4296],"product_tag":[4382],"class_list":{"0":"post-115089","1":"product","2":"type-product","3":"status-publish","4":"has-post-thumbnail","6":"product_cat-inforamar-for-slata-ytor","7":"product_tag-silver","8":"product_shipping_class-tunga-paket","9":"pa_brands-durable","10":"pa_farg-silver","11":"tm-no-options","13":"first","14":"instock","15":"sale","16":"taxable","17":"shipping-taxable","18":"purchasable","19":"product-type-simple"},"acf":[],"_links":{"self":[{"href":"https:\/\/secureus.se\/de\/wp-json\/wp\/v2\/product\/115089","targetHints":{"allow":["GET"]}}],"collection":[{"href":"https:\/\/secureus.se\/de\/wp-json\/wp\/v2\/product"}],"about":[{"href":"https:\/\/secureus.se\/de\/wp-json\/wp\/v2\/types\/product"}],"wp:featuredmedia":[{"embeddable":true,"href":"https:\/\/secureus.se\/de\/wp-json\/wp\/v2\/media\/135019"}],"wp:attachment":[{"href":"https:\/\/secureus.se\/de\/wp-json\/wp\/v2\/media?parent=115089"}],"wp:term":[{"taxonomy":"product_brand","embeddable":true,"href":"https:\/\/secureus.se\/de\/wp-json\/wp\/v2\/product_brand?post=115089"},{"taxonomy":"product_cat","embeddable":true,"href":"https:\/\/secureus.se\/de\/wp-json\/wp\/v2\/product_cat?post=115089"},{"taxonomy":"product_tag","embeddable":true,"href":"https:\/\/secureus.se\/de\/wp-json\/wp\/v2\/product_tag?post=115089"}],"curies":[{"name":"wp","href":"https:\/\/api.w.org\/{rel}","templated":true}]}}