{"id":115101,"date":"2024-11-20T14:07:55","date_gmt":"2024-11-20T13:07:55","guid":{"rendered":"https:\/\/secureus.se\/?post_type=product&#038;p=115101"},"modified":"2026-01-12T12:57:11","modified_gmt":"2026-01-12T11:57:11","slug":"flexiboxx-a4-staende-utbyggnadfack-3","status":"publish","type":"product","link":"https:\/\/secureus.se\/de\/flexiboxx-a4-staende-utbyggnadfack-3\/","title":{"rendered":"FLEXIBOXX A4 vertikales Erweiterungsfach"},"content":{"rendered":"<p>Formularfach, Prospektst\u00e4nder, Briefkasten \u2013 FLEXIBOXX ist eine Serie platzsparender, flexibler und wandmontierter Halter f\u00fcr Brosch\u00fcren, Zeitschriften, Formulare und andere Informationen im A4-Format. Jedes Fach hat ein Fassungsverm\u00f6gen von 24 mm dicken B\u00fcndeln. Dieses einzelne Fach im Hochformat kann zur Erweiterung von Sets verwendet werden, bei denen Sie bereits \u00fcber die Frontplatte verf\u00fcgen. Die Ma\u00dfe des Faches betragen 24x34x3 cm (BxHxT) und schr\u00e4g von der Wand montiert baut es 1,35 cm.<br \/>\nZubeh\u00f6r: Transparente Frontplatte Artikelnummer 1701498400<\/p>","protected":false},"excerpt":{"rendered":"<p>Erweiterungsfach zur Erweiterung des Prospektfachs FLEXIBOXX A4 Hochformat.<\/p>","protected":false},"featured_media":133857,"template":"","meta":{"_acf_changed":false},"product_brand":[],"product_cat":[4280],"product_tag":[4376],"class_list":{"0":"post-115101","1":"product","2":"type-product","3":"status-publish","4":"has-post-thumbnail","6":"product_cat-broschyrstall","7":"product_tag-transparent","8":"product_shipping_class-tunga-paket","9":"pa_brands-durable","10":"pa_farg-transparent","11":"tm-no-options","13":"first","14":"instock","15":"sale","16":"taxable","17":"shipping-taxable","18":"purchasable","19":"product-type-simple"},"acf":[],"_links":{"self":[{"href":"https:\/\/secureus.se\/de\/wp-json\/wp\/v2\/product\/115101","targetHints":{"allow":["GET"]}}],"collection":[{"href":"https:\/\/secureus.se\/de\/wp-json\/wp\/v2\/product"}],"about":[{"href":"https:\/\/secureus.se\/de\/wp-json\/wp\/v2\/types\/product"}],"wp:featuredmedia":[{"embeddable":true,"href":"https:\/\/secureus.se\/de\/wp-json\/wp\/v2\/media\/133857"}],"wp:attachment":[{"href":"https:\/\/secureus.se\/de\/wp-json\/wp\/v2\/media?parent=115101"}],"wp:term":[{"taxonomy":"product_brand","embeddable":true,"href":"https:\/\/secureus.se\/de\/wp-json\/wp\/v2\/product_brand?post=115101"},{"taxonomy":"product_cat","embeddable":true,"href":"https:\/\/secureus.se\/de\/wp-json\/wp\/v2\/product_cat?post=115101"},{"taxonomy":"product_tag","embeddable":true,"href":"https:\/\/secureus.se\/de\/wp-json\/wp\/v2\/product_tag?post=115101"}],"curies":[{"name":"wp","href":"https:\/\/api.w.org\/{rel}","templated":true}]}}