{"id":115135,"date":"2024-11-20T14:00:17","date_gmt":"2024-11-20T13:00:17","guid":{"rendered":"https:\/\/secureus.se\/?post_type=product&#038;p=115135"},"modified":"2026-01-12T12:26:06","modified_gmt":"2026-01-12T11:26:06","slug":"inforam-duraframe-sun-a3","status":"publish","type":"product","link":"https:\/\/secureus.se\/de\/inforam-duraframe-sun-a3\/","title":{"rendered":"Informationsrahmen DURAFRAME\u00ae SUN A3"},"content":{"rendered":"<p>Nutzen Sie DURAFRAME\u00ae SUN Inforahmen, um Aktionsangebote, \u00d6ffnungszeiten, Werbung etc. in Schaufenstern mit Sonnenlicht professionell darzustellen und zu pr\u00e4sentieren.<br \/>\nEinfaches Einf\u00fcgen oder \u00c4ndern von Nachrichten durch Anheben der Vorderseite mit Magnetverschluss. Einfacher Aufbau \u2013 einfach ein wenig Wasser mit einem Tropfen Sp\u00fclmittel auf die R\u00fcckseite spr\u00fchen und der Rahmen haftet statisch an der Glasoberfl\u00e4che. H\u00fcbscher als Klebeband! Kann mehrfach verwendet werden und hinterl\u00e4sst keine Spuren.<br \/>\nDer Rahmen sieht auf der Vorder- und R\u00fcckseite gleich aus.<br \/>\nHitzebest\u00e4ndig bis 70\u00b0 und UV-stabil bis zu 2 Jahre.<br \/>\nF\u00fcr Dokumente im A3-Format. Au\u00dfenma\u00dfe 323\u00d7446 mm.<br \/>\nVerpackung mit 2 Stk.<\/p>","protected":false},"excerpt":{"rendered":"<p>Inforahmen zur statischen Befestigung an Glasscheiben. F\u00fcr unterschiedliche Arten von Informationen im A3-Format, die dem Sonnenlicht ausgesetzt sind. UV-stabil und hitzebest\u00e4ndig.<\/p>","protected":false},"featured_media":134973,"template":"","meta":{"_acf_changed":false},"product_brand":[],"product_cat":[4294],"product_tag":[4381],"class_list":{"0":"post-115135","1":"product","2":"type-product","3":"status-publish","4":"has-post-thumbnail","6":"product_cat-inforamar-for-solexponerade-ytor","7":"product_tag-svart","8":"product_shipping_class-tunga-paket","9":"pa_brands-durable","10":"pa_farg-svart","11":"tm-no-options","13":"first","14":"instock","15":"sale","16":"taxable","17":"shipping-taxable","18":"purchasable","19":"product-type-simple"},"acf":[],"_links":{"self":[{"href":"https:\/\/secureus.se\/de\/wp-json\/wp\/v2\/product\/115135","targetHints":{"allow":["GET"]}}],"collection":[{"href":"https:\/\/secureus.se\/de\/wp-json\/wp\/v2\/product"}],"about":[{"href":"https:\/\/secureus.se\/de\/wp-json\/wp\/v2\/types\/product"}],"wp:featuredmedia":[{"embeddable":true,"href":"https:\/\/secureus.se\/de\/wp-json\/wp\/v2\/media\/134973"}],"wp:attachment":[{"href":"https:\/\/secureus.se\/de\/wp-json\/wp\/v2\/media?parent=115135"}],"wp:term":[{"taxonomy":"product_brand","embeddable":true,"href":"https:\/\/secureus.se\/de\/wp-json\/wp\/v2\/product_brand?post=115135"},{"taxonomy":"product_cat","embeddable":true,"href":"https:\/\/secureus.se\/de\/wp-json\/wp\/v2\/product_cat?post=115135"},{"taxonomy":"product_tag","embeddable":true,"href":"https:\/\/secureus.se\/de\/wp-json\/wp\/v2\/product_tag?post=115135"}],"curies":[{"name":"wp","href":"https:\/\/api.w.org\/{rel}","templated":true}]}}