{"id":115136,"date":"2024-11-20T14:11:39","date_gmt":"2024-11-20T13:11:39","guid":{"rendered":"https:\/\/secureus.se\/?post_type=product&#038;p=115136"},"modified":"2026-01-12T12:03:50","modified_gmt":"2026-01-12T11:03:50","slug":"magnetetikett-c-profile-20-50-pack","status":"publish","type":"product","link":"https:\/\/secureus.se\/de\/magnetetikett-c-profile-20-50-pack\/","title":{"rendered":"Magnetetikett C-PROFILE 20 50er-Pack"},"content":{"rendered":"<p>Magnetischer Etikettenhalter inkl. Etikett und transparenter Kunststoff, der vor Schmutz sch\u00fctzt. Zum Markieren und Scannen von z. B. Preisen und Barcodes an Regalkanten, Palettenregalen, Schr\u00e4nken, Umkleideschr\u00e4nken und Metallboxen. Leicht zu transportieren, wenn Waren den Lagerort wechseln, um stets \u00fcber eine aktuelle Etikettierung zu verf\u00fcgen. Kostenlose Vorlagen zum Entwerfen und Drucken stilvoller Etiketten finden Sie unter www.duraprint.se.<br \/>\nAbmessungen: 200 x 20 mm (L x H)<br \/>\nZubeh\u00f6r:<br \/>\nZus\u00e4tzliche Etiketten auf A5-Bl\u00e4ttern zum Ausdrucken im Drucker, Art.-Nr. 800002.<\/p>","protected":false},"excerpt":{"rendered":"<p>Magnetischer Etikettenhalter mit wei\u00dfen Etiketten und transparentem Schutzkunststoff. Schreibh\u00f6he 2 cm, L\u00e4nge 20 cm.<\/p>","protected":false},"featured_media":133680,"template":"","meta":{"_acf_changed":false},"product_brand":[],"product_cat":[4269],"product_tag":[4390],"class_list":{"0":"post-115136","1":"product","2":"type-product","3":"status-publish","4":"has-post-thumbnail","6":"product_cat-magnetisk-fastsattning","7":"product_tag-morkgra","8":"product_shipping_class-tunga-paket","9":"pa_brands-durable","10":"pa_farg-morkgra","11":"tm-no-options","13":"first","14":"instock","15":"sale","16":"taxable","17":"shipping-taxable","18":"purchasable","19":"product-type-simple"},"acf":[],"_links":{"self":[{"href":"https:\/\/secureus.se\/de\/wp-json\/wp\/v2\/product\/115136","targetHints":{"allow":["GET"]}}],"collection":[{"href":"https:\/\/secureus.se\/de\/wp-json\/wp\/v2\/product"}],"about":[{"href":"https:\/\/secureus.se\/de\/wp-json\/wp\/v2\/types\/product"}],"wp:featuredmedia":[{"embeddable":true,"href":"https:\/\/secureus.se\/de\/wp-json\/wp\/v2\/media\/133680"}],"wp:attachment":[{"href":"https:\/\/secureus.se\/de\/wp-json\/wp\/v2\/media?parent=115136"}],"wp:term":[{"taxonomy":"product_brand","embeddable":true,"href":"https:\/\/secureus.se\/de\/wp-json\/wp\/v2\/product_brand?post=115136"},{"taxonomy":"product_cat","embeddable":true,"href":"https:\/\/secureus.se\/de\/wp-json\/wp\/v2\/product_cat?post=115136"},{"taxonomy":"product_tag","embeddable":true,"href":"https:\/\/secureus.se\/de\/wp-json\/wp\/v2\/product_tag?post=115136"}],"curies":[{"name":"wp","href":"https:\/\/api.w.org\/{rel}","templated":true}]}}