{"id":115156,"date":"2024-11-20T14:00:49","date_gmt":"2024-11-20T13:00:49","guid":{"rendered":"https:\/\/secureus.se\/?post_type=product&#038;p=115156"},"modified":"2026-01-12T12:24:51","modified_gmt":"2026-01-12T11:24:51","slug":"golvskylt-info-sign-stand-a3","status":"publish","type":"product","link":"https:\/\/secureus.se\/de\/golvskylt-info-sign-stand-a3\/","title":{"rendered":"Bodenschild INFO SIGN STAND A3"},"content":{"rendered":"<p>Bodenschilder informieren und orientieren Besucher und eignen sich hervorragend f\u00fcr die Platzierung in Eing\u00e4ngen, Restaurants, Ausstellungen usw. Die Schilderserie INFO SIGN verf\u00fcgt \u00fcber eine R\u00fcckseite und Randstreifen aus Aluminium. Das wei\u00dfe Blatt mit Text liegt gesch\u00fctzt hinter der entspiegelten Frontplatte, die in die Randleisten eingeschoben wird und von zwei schwarzen Klammern gehalten wird. Der Bodenst\u00e4nder besteht aus einem schweren und stabilen Fu\u00df, einem Aluminiumst\u00e4nder und dem drehbaren A3-Schild, das sowohl im Stehen als auch im Liegen verwendet werden kann und schon von weitem sichtbar ist. Das Schild kann in 6 verschiedenen H\u00f6hen angebracht werden und die H\u00f6he des Platzes mit stehendem Schild liegt zwischen 1,18 \u2013 1,25 m. Bei horizontalem Schild betr\u00e4gt die H\u00f6he 1,13 \u2013 1,20 m. Lieferung mit Montageanleitung. Entwerfen Sie das Schild mit dem kostenlosen Programm DURAPRINT\u00ae, das unter www.duraprint.se erh\u00e4ltlich ist, und drucken Sie es mit einem Laserdrucker aus.<\/p>","protected":false},"excerpt":{"rendered":"<p>Stallbodenschild INFO-SCHILD A3. Das Schild kann im Hoch- oder Querformat verwendet werden.<\/p>","protected":false},"featured_media":134911,"template":"","meta":{"_acf_changed":false},"product_brand":[],"product_cat":[4265],"product_tag":[4382],"class_list":{"0":"post-115156","1":"product","2":"type-product","3":"status-publish","4":"has-post-thumbnail","6":"product_cat-dorrskyltar-i-alumunium","7":"product_tag-silver","8":"product_shipping_class-tunga-paket","9":"pa_brands-durable","10":"pa_farg-silver","11":"tm-no-options","13":"first","14":"instock","15":"sale","16":"taxable","17":"shipping-taxable","18":"purchasable","19":"product-type-simple"},"acf":[],"_links":{"self":[{"href":"https:\/\/secureus.se\/de\/wp-json\/wp\/v2\/product\/115156","targetHints":{"allow":["GET"]}}],"collection":[{"href":"https:\/\/secureus.se\/de\/wp-json\/wp\/v2\/product"}],"about":[{"href":"https:\/\/secureus.se\/de\/wp-json\/wp\/v2\/types\/product"}],"wp:featuredmedia":[{"embeddable":true,"href":"https:\/\/secureus.se\/de\/wp-json\/wp\/v2\/media\/134911"}],"wp:attachment":[{"href":"https:\/\/secureus.se\/de\/wp-json\/wp\/v2\/media?parent=115156"}],"wp:term":[{"taxonomy":"product_brand","embeddable":true,"href":"https:\/\/secureus.se\/de\/wp-json\/wp\/v2\/product_brand?post=115156"},{"taxonomy":"product_cat","embeddable":true,"href":"https:\/\/secureus.se\/de\/wp-json\/wp\/v2\/product_cat?post=115156"},{"taxonomy":"product_tag","embeddable":true,"href":"https:\/\/secureus.se\/de\/wp-json\/wp\/v2\/product_tag?post=115156"}],"curies":[{"name":"wp","href":"https:\/\/api.w.org\/{rel}","templated":true}]}}