{"id":115174,"date":"2024-11-20T14:00:17","date_gmt":"2024-11-20T13:00:17","guid":{"rendered":"https:\/\/secureus.se\/?post_type=product&#038;p=115174"},"modified":"2026-01-12T12:25:56","modified_gmt":"2026-01-12T11:25:56","slug":"inforam-duraframe-wallpaper-a4-2","status":"publish","type":"product","link":"https:\/\/secureus.se\/de\/inforam-duraframe-wallpaper-a4-2\/","title":{"rendered":"Inforahmen DURAFRAME\u00ae WALLPAPER A4"},"content":{"rendered":"<p>Nutzen Sie die selbstklebenden Inforahmen DURAFRAME\u00ae WALLPAPER, um Werbeangebote, \u00d6ffnungszeiten, Schilder und andere tempor\u00e4re oder dauerhaftere Informationen professionell anzuzeigen und zu pr\u00e4sentieren. Kann mit den selbstklebenden Klebestreifen auf empfindlichen Oberfl\u00e4chen wie Tapeten, Holz und den meisten Kunststoffoberfl\u00e4chen angebracht werden.<br \/>\nEinfaches Einf\u00fcgen oder \u00c4ndern von Nachrichten durch Anheben der Vorderseite mit Magnetverschluss. DURAFRAME\u00ae WALLPAPER kann gem\u00e4\u00df den Anweisungen in der Verpackung und den Symbolen auf dem Rahmen entfernt werden, ohne Spuren zu hinterlassen oder den Untergrund zu besch\u00e4digen. Ersatzset mit 4 Klebestreifen im Lieferumfang enthalten.<br \/>\nF\u00fcr Dokumente im A4-Format. Au\u00dfenma\u00dfe 236\u00d7323 mm.<br \/>\nVerpackung mit 1 Stk.<\/p>","protected":false},"excerpt":{"rendered":"<p>Einfach zu verwendender, selbstklebender Inforahmen f\u00fcr die Anbringung verschiedener Informationen auf empfindlichen Untergr\u00fcnden, z. B. Tapeten. F\u00fcr Dokumente im A4-Format. mit aufklappbarem Magnetrahmen f\u00fcr A4-Format. Befestigung mit Klebestreifen, die auch auf empfindlichen Oberfl\u00e4chen wie Tapeten etc. funktionieren. <\/p>","protected":false},"featured_media":134939,"template":"","meta":{"_acf_changed":false},"product_brand":[],"product_cat":[4292],"product_tag":[4381],"class_list":{"0":"post-115174","1":"product","2":"type-product","3":"status-publish","4":"has-post-thumbnail","6":"product_cat-inforamar-for-kansliga-ytor","7":"product_tag-svart","8":"product_shipping_class-tunga-paket","9":"pa_brands-durable","10":"pa_farg-svart","11":"tm-no-options","13":"first","14":"instock","15":"sale","16":"taxable","17":"shipping-taxable","18":"purchasable","19":"product-type-simple"},"acf":[],"_links":{"self":[{"href":"https:\/\/secureus.se\/de\/wp-json\/wp\/v2\/product\/115174","targetHints":{"allow":["GET"]}}],"collection":[{"href":"https:\/\/secureus.se\/de\/wp-json\/wp\/v2\/product"}],"about":[{"href":"https:\/\/secureus.se\/de\/wp-json\/wp\/v2\/types\/product"}],"wp:featuredmedia":[{"embeddable":true,"href":"https:\/\/secureus.se\/de\/wp-json\/wp\/v2\/media\/134939"}],"wp:attachment":[{"href":"https:\/\/secureus.se\/de\/wp-json\/wp\/v2\/media?parent=115174"}],"wp:term":[{"taxonomy":"product_brand","embeddable":true,"href":"https:\/\/secureus.se\/de\/wp-json\/wp\/v2\/product_brand?post=115174"},{"taxonomy":"product_cat","embeddable":true,"href":"https:\/\/secureus.se\/de\/wp-json\/wp\/v2\/product_cat?post=115174"},{"taxonomy":"product_tag","embeddable":true,"href":"https:\/\/secureus.se\/de\/wp-json\/wp\/v2\/product_tag?post=115174"}],"curies":[{"name":"wp","href":"https:\/\/api.w.org\/{rel}","templated":true}]}}