{"id":115178,"date":"2024-11-20T13:56:39","date_gmt":"2024-11-20T12:56:39","guid":{"rendered":"https:\/\/secureus.se\/?post_type=product&#038;p=115178"},"modified":"2026-03-11T14:46:17","modified_gmt":"2026-03-11T13:46:17","slug":"golvskylt-info-stand-basic-a4","status":"publish","type":"product","link":"https:\/\/secureus.se\/de\/golvskylt-info-stand-basic-a4\/","title":{"rendered":"Bodenschild Infost\u00e4nder BASIC A4"},"content":{"rendered":"<p>Bodenschilder informieren und orientieren Besucher und eignen sich hervorragend f\u00fcr die Platzierung in Eing\u00e4ngen, Empf\u00e4ngen, Ausstellungen und anderen Orten. Die Schilderserie INFO STAND BASIC verf\u00fcgt \u00fcber zwei magnetische Rahmen, die an der Metallplatte in der Mitte befestigt werden und so ein einfaches Wechseln der Informationen auf beiden Seiten erm\u00f6glichen. Der Bodenst\u00e4nder besteht aus einem schweren und stabilen Fu\u00df mit Gummif\u00fc\u00dfen, einem Aluminiumst\u00e4nder und dem Schild, das ohne Werkzeug im Quer- oder Hochformat platziert werden kann.<br \/>\nGestalten Sie das Schild mit dem kostenlosen Programm DURAPRINT\u00ae, das unter www.duraprint.se erh\u00e4ltlich ist.<br \/>\nLieferung mit 2 schwarzen DURAFRAME\u00ae MAGNETIC A4-Rahmen, Montagesatz und Anleitung. Passen Sie das Bodenschild individuell an, indem Sie Rahmen in einer anderen Farbe kaufen, z. B. in der Farbe des Firmenlogos.<br \/>\nAbmessungen stehendes Schild: 1315 x 305 x 305 mm (H x B x T), Abmessungen horizontales Schild: 1252 x 323 x 305 mm (H x B x T)<br \/>\nZubeh\u00f6r: DURAFRAME\u00ae MAGNETIC A4-Rahmen in anderen Farben, Art.-Nr. 4869xx<\/p>","protected":false},"excerpt":{"rendered":"<p>Bodenschild mit beidseitig schwarzem Magnetrahmen. F\u00fcr Schilder im A4-Format.<\/p>","protected":false},"featured_media":134861,"template":"","meta":{"_acf_changed":false},"product_brand":[],"product_cat":[4304],"product_tag":[4394],"class_list":{"0":"post-115178","1":"product","2":"type-product","3":"status-publish","4":"has-post-thumbnail","6":"product_cat-broschyrstall-golvstativ","7":"product_tag-antracitgra","8":"product_shipping_class-tunga-paket","9":"pa_brands-durable","10":"pa_farg-antracitgra","11":"tm-no-options","13":"first","14":"instock","15":"sale","16":"taxable","17":"shipping-taxable","18":"purchasable","19":"product-type-simple"},"acf":[],"_links":{"self":[{"href":"https:\/\/secureus.se\/de\/wp-json\/wp\/v2\/product\/115178","targetHints":{"allow":["GET"]}}],"collection":[{"href":"https:\/\/secureus.se\/de\/wp-json\/wp\/v2\/product"}],"about":[{"href":"https:\/\/secureus.se\/de\/wp-json\/wp\/v2\/types\/product"}],"wp:featuredmedia":[{"embeddable":true,"href":"https:\/\/secureus.se\/de\/wp-json\/wp\/v2\/media\/134861"}],"wp:attachment":[{"href":"https:\/\/secureus.se\/de\/wp-json\/wp\/v2\/media?parent=115178"}],"wp:term":[{"taxonomy":"product_brand","embeddable":true,"href":"https:\/\/secureus.se\/de\/wp-json\/wp\/v2\/product_brand?post=115178"},{"taxonomy":"product_cat","embeddable":true,"href":"https:\/\/secureus.se\/de\/wp-json\/wp\/v2\/product_cat?post=115178"},{"taxonomy":"product_tag","embeddable":true,"href":"https:\/\/secureus.se\/de\/wp-json\/wp\/v2\/product_tag?post=115178"}],"curies":[{"name":"wp","href":"https:\/\/api.w.org\/{rel}","templated":true}]}}