{"id":115206,"date":"2024-11-20T14:40:31","date_gmt":"2024-11-20T13:40:31","guid":{"rendered":"https:\/\/secureus.se\/?post_type=product&#038;p=115206"},"modified":"2026-01-12T12:51:28","modified_gmt":"2026-01-12T11:51:28","slug":"id-korthallare-outdoor-secure-armbindel-for-1-kort","status":"publish","type":"product","link":"https:\/\/secureus.se\/de\/id-korthallare-outdoor-secure-armbindel-for-1-kort\/","title":{"rendered":"Ausweishalter OUTDOOR SECURE Armband f\u00fcr 1 Karte"},"content":{"rendered":"<p>Sch\u00fctzen Sie den Personalausweis, die Berechtigungskarte oder die Zutrittskarte durch den Einsatz eines Kartenhalters mit angepasstem Design und Befestigung \u2013 so ist die Karte immer sicher an ihrem Platz, ohne zu st\u00f6ren, aber dennoch leicht zug\u00e4nglich. Verstellbares Armband 7\u201318 cm mit Kartenhalter, das wasser- und UV-best\u00e4ndig ist und Temperaturen bis -20 \u00b0C standh\u00e4lt, wodurch es f\u00fcr den Au\u00dfenbereich geeignet ist. F\u00fcr Standardkarten ca. 54 x 86 mm.<\/p>","protected":false},"excerpt":{"rendered":"<p>Armband mit Kartenhalter f\u00fcr 1 horizontale Zutrittskarte im Standardformat. 10 St\u00fcck\/Karton<\/p>","protected":false},"featured_media":133187,"template":"","meta":{"_acf_changed":false},"product_brand":[],"product_cat":[1671],"product_tag":[4376],"class_list":{"0":"post-115206","1":"product","2":"type-product","3":"status-publish","4":"has-post-thumbnail","6":"product_cat-korthallare-for-arbetsplagg","7":"product_tag-transparent","8":"product_shipping_class-tunga-paket","9":"pa_brands-durable","10":"pa_farg-transparent","11":"tm-no-options","13":"first","14":"instock","15":"sale","16":"taxable","17":"shipping-taxable","18":"purchasable","19":"product-type-simple"},"acf":[],"_links":{"self":[{"href":"https:\/\/secureus.se\/de\/wp-json\/wp\/v2\/product\/115206","targetHints":{"allow":["GET"]}}],"collection":[{"href":"https:\/\/secureus.se\/de\/wp-json\/wp\/v2\/product"}],"about":[{"href":"https:\/\/secureus.se\/de\/wp-json\/wp\/v2\/types\/product"}],"wp:featuredmedia":[{"embeddable":true,"href":"https:\/\/secureus.se\/de\/wp-json\/wp\/v2\/media\/133187"}],"wp:attachment":[{"href":"https:\/\/secureus.se\/de\/wp-json\/wp\/v2\/media?parent=115206"}],"wp:term":[{"taxonomy":"product_brand","embeddable":true,"href":"https:\/\/secureus.se\/de\/wp-json\/wp\/v2\/product_brand?post=115206"},{"taxonomy":"product_cat","embeddable":true,"href":"https:\/\/secureus.se\/de\/wp-json\/wp\/v2\/product_cat?post=115206"},{"taxonomy":"product_tag","embeddable":true,"href":"https:\/\/secureus.se\/de\/wp-json\/wp\/v2\/product_tag?post=115206"}],"curies":[{"name":"wp","href":"https:\/\/api.w.org\/{rel}","templated":true}]}}