{"id":115217,"date":"2024-11-20T14:10:58","date_gmt":"2024-11-20T13:10:58","guid":{"rendered":"https:\/\/secureus.se\/?post_type=product&#038;p=115217"},"modified":"2026-01-12T12:01:43","modified_gmt":"2026-01-12T11:01:43","slug":"halkskyddstejp-duraline-grip-50-mm","status":"publish","type":"product","link":"https:\/\/secureus.se\/de\/halkskyddstejp-duraline-grip-50-mm\/","title":{"rendered":"Anti-Rutsch-Band Duraline Grip+ 50 mm"},"content":{"rendered":"<p>Anti-Rutsch-Klebeband f\u00fcr den Einsatz im Innenbereich oder an gesch\u00fctzten Orten im Freien, wo Rutschgefahr besteht. Dabei kann es sich um rutschige B\u00f6den oder Stufen, Leitern, schr\u00e4ge Rampen, Pedale und Stufen an Maschinen und Fahrzeugen handeln. Hierbei handelt es sich um ein selbstklebendes Klebeband mit einer Breite von 50 mm und einer groben K\u00f6rnung, das f\u00fcr eine Oberfl\u00e4che mit guter Griffigkeit und Reibung sorgt \u2013 auch in raueren Umgebungen mit st\u00e4rkerer Beanspruchung und Verschmutzung.<br \/>\nEinfache Anwendung f\u00fcr jedermann: Stellen Sie sicher, dass der Boden sauber und trocken ist. Die Mindesttemperatur f\u00fcr die Montage betr\u00e4gt +10, die optimale Temperatur liegt zwischen 15 und 20 Grad. Entfernen Sie 10 cm der Schutzfolie auf der R\u00fcckseite und bringen Sie das Klebeband an. Rollen Sie dann die Schutzfolie nach und nach ab und entfernen Sie sie, so l\u00e4sst sich das Klebeband leichter in der gew\u00fcnschten Linie anbringen. Nach 48 Stunden ist der Kleber vollst\u00e4ndig ausgeh\u00e4rtet, Sie k\u00f6nnen das Klebeband jedoch sofort nach der Montage begehen.<br \/>\nTechnische Daten: Rutschhemmungsgrad R13 nach DIN51130. Rollen Sie etwa 15 Meter. Breite: 50 mm. K\u00f6rnung 36er K\u00f6rnung<\/p>","protected":false},"excerpt":{"rendered":"<p>50 mm breites Anti-Rutsch-Klebeband f\u00fcr den Einsatz im Innen- und gesch\u00fctzten Au\u00dfenbereich. Grob raue Oberfl\u00e4che, die auch in etwas h\u00e4rteren Umgebungen guten Halt bietet.<\/p>","protected":false},"featured_media":133743,"template":"","meta":{"_acf_changed":false},"product_brand":[],"product_cat":[4305],"product_tag":[4381],"class_list":{"0":"post-115217","1":"product","2":"type-product","3":"status-publish","4":"has-post-thumbnail","6":"product_cat-halkskyddstejp","7":"product_tag-svart","8":"product_shipping_class-tunga-paket","9":"pa_brands-durable","10":"pa_farg-svart","11":"tm-no-options","13":"first","14":"instock","15":"sale","16":"taxable","17":"shipping-taxable","18":"purchasable","19":"product-type-simple"},"acf":[],"_links":{"self":[{"href":"https:\/\/secureus.se\/de\/wp-json\/wp\/v2\/product\/115217","targetHints":{"allow":["GET"]}}],"collection":[{"href":"https:\/\/secureus.se\/de\/wp-json\/wp\/v2\/product"}],"about":[{"href":"https:\/\/secureus.se\/de\/wp-json\/wp\/v2\/types\/product"}],"wp:featuredmedia":[{"embeddable":true,"href":"https:\/\/secureus.se\/de\/wp-json\/wp\/v2\/media\/133743"}],"wp:attachment":[{"href":"https:\/\/secureus.se\/de\/wp-json\/wp\/v2\/media?parent=115217"}],"wp:term":[{"taxonomy":"product_brand","embeddable":true,"href":"https:\/\/secureus.se\/de\/wp-json\/wp\/v2\/product_brand?post=115217"},{"taxonomy":"product_cat","embeddable":true,"href":"https:\/\/secureus.se\/de\/wp-json\/wp\/v2\/product_cat?post=115217"},{"taxonomy":"product_tag","embeddable":true,"href":"https:\/\/secureus.se\/de\/wp-json\/wp\/v2\/product_tag?post=115217"}],"curies":[{"name":"wp","href":"https:\/\/api.w.org\/{rel}","templated":true}]}}