{"id":115218,"date":"2024-11-05T18:45:57","date_gmt":"2024-11-05T17:45:57","guid":{"rendered":"https:\/\/secureus.se\/?post_type=product&#038;p=115218"},"modified":"2026-01-12T12:25:31","modified_gmt":"2026-01-12T11:25:31","slug":"crystal-sign-210x297-a4-staende-refill","status":"publish","type":"product","link":"https:\/\/secureus.se\/de\/crystal-sign-210x297-a4-staende-refill\/","title":{"rendered":"CRYSTAL SIGN 210\u00d7297 (A4 Hochformat) Nachf\u00fcllung"},"content":{"rendered":"<p>Mattierte Einlegebl\u00e4tter passend f\u00fcr Schild CRYSTAL SIGN 4825 und Bodenschild 4818, Hochformat A4 (210x297mm). Entwerfen Sie das Schild mit dem kostenlosen Programm DURAPRINT\u00ae, das unter www.duraprint.se erh\u00e4ltlich ist, und drucken Sie es mit einem Laserdrucker auf die mattierte Folie. Eine Packung enth\u00e4lt 10 B\u00f6gen mit 1 Schildereinlage\/Blatt. Die Bl\u00e4tter sind perforiert und lassen sich leicht auseinanderrei\u00dfen.<\/p>","protected":false},"excerpt":{"rendered":"<p>10 mattierte Einleger f\u00fcr Schild CRYSTAL SIGN 4825 und Bodenschild 4818 im Hochformat A4 (210x297mm).<\/p>","protected":false},"featured_media":135269,"template":"","meta":{"_acf_changed":false},"product_brand":[],"product_cat":[4264],"product_tag":[4376],"class_list":{"0":"post-115218","1":"product","2":"type-product","3":"status-publish","4":"has-post-thumbnail","6":"product_cat-dorrskyltar-i-akryl","7":"product_tag-transparent","8":"product_shipping_class-tunga-paket","9":"pa_brands-durable","10":"pa_farg-transparent","11":"tm-no-options","13":"first","14":"instock","15":"sale","16":"taxable","17":"shipping-taxable","18":"purchasable","19":"product-type-simple"},"acf":[],"_links":{"self":[{"href":"https:\/\/secureus.se\/de\/wp-json\/wp\/v2\/product\/115218","targetHints":{"allow":["GET"]}}],"collection":[{"href":"https:\/\/secureus.se\/de\/wp-json\/wp\/v2\/product"}],"about":[{"href":"https:\/\/secureus.se\/de\/wp-json\/wp\/v2\/types\/product"}],"wp:featuredmedia":[{"embeddable":true,"href":"https:\/\/secureus.se\/de\/wp-json\/wp\/v2\/media\/135269"}],"wp:attachment":[{"href":"https:\/\/secureus.se\/de\/wp-json\/wp\/v2\/media?parent=115218"}],"wp:term":[{"taxonomy":"product_brand","embeddable":true,"href":"https:\/\/secureus.se\/de\/wp-json\/wp\/v2\/product_brand?post=115218"},{"taxonomy":"product_cat","embeddable":true,"href":"https:\/\/secureus.se\/de\/wp-json\/wp\/v2\/product_cat?post=115218"},{"taxonomy":"product_tag","embeddable":true,"href":"https:\/\/secureus.se\/de\/wp-json\/wp\/v2\/product_tag?post=115218"}],"curies":[{"name":"wp","href":"https:\/\/api.w.org\/{rel}","templated":true}]}}