{"id":115242,"date":"2024-11-20T13:56:49","date_gmt":"2024-11-20T12:56:49","guid":{"rendered":"https:\/\/secureus.se\/?post_type=product&#038;p=115242"},"modified":"2026-01-12T12:29:28","modified_gmt":"2026-01-12T11:29:28","slug":"infoficka-a4-statisk-vidhaftning-5-st","status":"publish","type":"product","link":"https:\/\/secureus.se\/de\/infoficka-a4-statisk-vidhaftning-5-st\/","title":{"rendered":"Infotasche A4 statisch haftend 5 Stk"},"content":{"rendered":"<p>Nutzen Sie die Infotasche f\u00fcr Angebote, Werbung und Informationen auf der Innenseite von Glastheken, Schaufenstern oder Autoscheiben. Die Tasche haftet statisch auf gut gereinigten, glatten Glasoberfl\u00e4chen \u2013 auch auf gew\u00f6lbten \u2013 und hinterl\u00e4sst beim Entfernen keine Spuren. Hitzebest\u00e4ndig bis 70\u00b0 und UV-stabil bis zu 2 Jahre. Ein Langloch entlang der Taschenmitte erleichtert das Einlegen oder Wechseln von Dokumenten. Mehrfach verwendbar und im Hoch- oder Querformat.<br \/>\nF\u00fcr Dokumente im A4-Format, Innenma\u00df 303\u00d7216 mm. Au\u00dfenma\u00dfe 323\u00d7236 mm.<br \/>\nVerpackung mit 5 St\u00fcck.<\/p>","protected":false},"excerpt":{"rendered":"<p>Infotasche f\u00fcr innenliegende Glasfl\u00e4chen \u2013 auch gebogen, z.B. Autoscheiben<\/p>","protected":false},"featured_media":134678,"template":"","meta":{"_acf_changed":false},"product_brand":[],"product_cat":[4294],"product_tag":[4394],"class_list":{"0":"post-115242","1":"product","2":"type-product","3":"status-publish","4":"has-post-thumbnail","6":"product_cat-inforamar-for-solexponerade-ytor","7":"product_tag-antracitgra","8":"product_shipping_class-tunga-paket","9":"pa_brands-durable","10":"pa_farg-antracitgra","11":"tm-no-options","13":"first","14":"instock","15":"sale","16":"taxable","17":"shipping-taxable","18":"purchasable","19":"product-type-simple"},"acf":[],"_links":{"self":[{"href":"https:\/\/secureus.se\/de\/wp-json\/wp\/v2\/product\/115242","targetHints":{"allow":["GET"]}}],"collection":[{"href":"https:\/\/secureus.se\/de\/wp-json\/wp\/v2\/product"}],"about":[{"href":"https:\/\/secureus.se\/de\/wp-json\/wp\/v2\/types\/product"}],"wp:featuredmedia":[{"embeddable":true,"href":"https:\/\/secureus.se\/de\/wp-json\/wp\/v2\/media\/134678"}],"wp:attachment":[{"href":"https:\/\/secureus.se\/de\/wp-json\/wp\/v2\/media?parent=115242"}],"wp:term":[{"taxonomy":"product_brand","embeddable":true,"href":"https:\/\/secureus.se\/de\/wp-json\/wp\/v2\/product_brand?post=115242"},{"taxonomy":"product_cat","embeddable":true,"href":"https:\/\/secureus.se\/de\/wp-json\/wp\/v2\/product_cat?post=115242"},{"taxonomy":"product_tag","embeddable":true,"href":"https:\/\/secureus.se\/de\/wp-json\/wp\/v2\/product_tag?post=115242"}],"curies":[{"name":"wp","href":"https:\/\/api.w.org\/{rel}","templated":true}]}}