{"id":115244,"date":"2024-11-20T14:04:21","date_gmt":"2024-11-20T13:04:21","guid":{"rendered":"https:\/\/secureus.se\/?post_type=product&#038;p=115244"},"modified":"2026-01-12T12:09:55","modified_gmt":"2026-01-12T11:09:55","slug":"forsta-hjalpen-produkter-set-m-din-131642022","status":"publish","type":"product","link":"https:\/\/secureus.se\/de\/forsta-hjalpen-produkter-set-m-din-131642022\/","title":{"rendered":"Erste-Hilfe-Produkte-Set M DIN 13164:2022"},"content":{"rendered":"<p>Sammeln Sie Erste-Hilfe-Materialien, Kopfschmerztabletten und \u00c4hnliches an einem Ort, damit Sie bei Bedarf leicht darauf zugreifen k\u00f6nnen. Das ERSTE-HILFE-KIT M ist ein fertiges Sortiment an Erste-Hilfe-Artikeln, z. B. Pflaster, Kompressen, Bandagen, Klebeband, Plastikhandschuhe, Rettungsdecke (die vor Unterk\u00fchlung sch\u00fctzt) nach DIN 13164, bestimmt f\u00fcr den privaten Gebrauch. Geeignet als F\u00fcllung oder Nachf\u00fcller f\u00fcr die ERSTE-HILFE-BOX M.<br \/>\nZubeh\u00f6r: Leerer Erste-Hilfe-Schrank, Art.-Nr<\/p>","protected":false},"excerpt":{"rendered":"<p>Set mit 36 Erste-Hilfe-Artikeln f\u00fcr den privaten Gebrauch.<\/p>","protected":false},"featured_media":133912,"template":"","meta":{"_acf_changed":false},"product_brand":[],"product_cat":[1573],"product_tag":[],"class_list":{"0":"post-115244","1":"product","2":"type-product","3":"status-publish","4":"has-post-thumbnail","6":"product_cat-forsta-hjalpen","7":"product_shipping_class-tunga-paket","8":"pa_brands-durable","9":"tm-no-options","11":"first","12":"instock","13":"sale","14":"taxable","15":"shipping-taxable","16":"purchasable","17":"product-type-simple"},"acf":[],"_links":{"self":[{"href":"https:\/\/secureus.se\/de\/wp-json\/wp\/v2\/product\/115244","targetHints":{"allow":["GET"]}}],"collection":[{"href":"https:\/\/secureus.se\/de\/wp-json\/wp\/v2\/product"}],"about":[{"href":"https:\/\/secureus.se\/de\/wp-json\/wp\/v2\/types\/product"}],"wp:featuredmedia":[{"embeddable":true,"href":"https:\/\/secureus.se\/de\/wp-json\/wp\/v2\/media\/133912"}],"wp:attachment":[{"href":"https:\/\/secureus.se\/de\/wp-json\/wp\/v2\/media?parent=115244"}],"wp:term":[{"taxonomy":"product_brand","embeddable":true,"href":"https:\/\/secureus.se\/de\/wp-json\/wp\/v2\/product_brand?post=115244"},{"taxonomy":"product_cat","embeddable":true,"href":"https:\/\/secureus.se\/de\/wp-json\/wp\/v2\/product_cat?post=115244"},{"taxonomy":"product_tag","embeddable":true,"href":"https:\/\/secureus.se\/de\/wp-json\/wp\/v2\/product_tag?post=115244"}],"curies":[{"name":"wp","href":"https:\/\/api.w.org\/{rel}","templated":true}]}}