{"id":115271,"date":"2024-11-20T14:11:21","date_gmt":"2024-11-20T13:11:21","guid":{"rendered":"https:\/\/secureus.se\/?post_type=product&#038;p=115271"},"modified":"2025-09-15T12:38:34","modified_gmt":"2025-09-15T10:38:34","slug":"kabelsamlare-cavoline-grip-20","status":"publish","type":"product","link":"https:\/\/secureus.se\/de\/kabelsamlare-cavoline-grip-20\/","title":{"rendered":"Kabelsammler CAVOLINE\u00ae GRIP 20"},"content":{"rendered":"<p>Sorgen Sie mit CAVOLINE\u00ae sowohl im B\u00fcro als auch im privaten Umfeld f\u00fcr Ordnung in den Kabeln. Sammeln Sie die Kabel und es sieht ordentlicher aus und ist auch leichter zu reinigen.<br \/>\nDer 2 cm breite Klettverschluss wird auf die gew\u00fcnschte L\u00e4nge zugeschnitten, um f\u00fcr verschiedene B\u00fcndel geeignet zu sein. Das Band kann mehrfach verwendet werden.<br \/>\n  Abmessungen: 1 m x 2 cm (L x B)<\/p>","protected":false},"excerpt":{"rendered":"<p>Kabelsammler aus 2 cm breitem Klettband, das auf die gew\u00fcnschte L\u00e4nge zugeschnitten wird.<\/p>","protected":false},"featured_media":115275,"template":"","meta":{"_acf_changed":false},"product_brand":[],"product_cat":[4287],"product_tag":[],"class_list":{"0":"post-115271","1":"product","2":"type-product","3":"status-publish","4":"has-post-thumbnail","6":"product_cat-kabelsamlare","7":"pa_brands-durable","8":"pa_farg-svart","9":"tm-no-options","11":"first","12":"instock","13":"sale","14":"taxable","15":"shipping-taxable","16":"purchasable","17":"product-type-simple"},"acf":[],"_links":{"self":[{"href":"https:\/\/secureus.se\/de\/wp-json\/wp\/v2\/product\/115271","targetHints":{"allow":["GET"]}}],"collection":[{"href":"https:\/\/secureus.se\/de\/wp-json\/wp\/v2\/product"}],"about":[{"href":"https:\/\/secureus.se\/de\/wp-json\/wp\/v2\/types\/product"}],"wp:featuredmedia":[{"embeddable":true,"href":"https:\/\/secureus.se\/de\/wp-json\/wp\/v2\/media\/115275"}],"wp:attachment":[{"href":"https:\/\/secureus.se\/de\/wp-json\/wp\/v2\/media?parent=115271"}],"wp:term":[{"taxonomy":"product_brand","embeddable":true,"href":"https:\/\/secureus.se\/de\/wp-json\/wp\/v2\/product_brand?post=115271"},{"taxonomy":"product_cat","embeddable":true,"href":"https:\/\/secureus.se\/de\/wp-json\/wp\/v2\/product_cat?post=115271"},{"taxonomy":"product_tag","embeddable":true,"href":"https:\/\/secureus.se\/de\/wp-json\/wp\/v2\/product_tag?post=115271"}],"curies":[{"name":"wp","href":"https:\/\/api.w.org\/{rel}","templated":true}]}}