{"id":115278,"date":"2024-11-20T14:11:58","date_gmt":"2024-11-20T13:11:58","guid":{"rendered":"https:\/\/secureus.se\/?post_type=product&#038;p=115278"},"modified":"2026-01-12T12:47:06","modified_gmt":"2026-01-12T11:47:06","slug":"namnskylt-40x75-nal-klamfaste","status":"publish","type":"product","link":"https:\/\/secureus.se\/de\/namnskylt-40x75-nal-klamfaste\/","title":{"rendered":"Namensschild 40\u00d775, Stift-\/Clipbefestigung"},"content":{"rendered":"<p>Tagungsteilnehmer, Besucher von Unternehmen, Mitarbeiter auf Messen, in Gesch\u00e4ften, Dienstleistungsberufe und Verk\u00e4ufer \u2013 die Liste l\u00e4sst sich erweitern, wo Bedarf an Namensschildern in unterschiedlichen Gr\u00f6\u00dfen, Ausf\u00fchrungen und Befestigungsm\u00f6glichkeiten besteht. Dies ist ein einfaches Namensschild 40x75mm f\u00fcr z.B. Konferenzen mit vielen Teilnehmern. Mit der Kombiklemme haben Sie die M\u00f6glichkeit, wie das Schild befestigt werden soll. Wei\u00dfe Etiketten im Streifen sind im Lieferumfang enthalten. Etiketten auf A4-Bl\u00e4ttern zum Ausdrucken in Druckern k\u00f6nnen separat bestellt werden. Verwenden Sie das kostenlose Programm DURAPRINT\u00ae, das unter www.duraprint.se verf\u00fcgbar ist, um stilvolle Namensschilder zu erstellen und zu drucken.<br \/>\nZubeh\u00f6r:<br \/>\nBadgemaker\u00ae-Etiketten auf A4-Bl\u00e4ttern zum Ausdrucken im Drucker, Art.-Nr<\/p>","protected":false},"excerpt":{"rendered":"<p>Namensschild, das mit einer Sicherheitsnadel oder einem Clip befestigt werden kann. Dezente, aber dennoch gut sichtbare Gr\u00f6\u00dfe 40x75mm. 50 St\u00fcck\/Karton<\/p>","protected":false},"featured_media":133721,"template":"","meta":{"_acf_changed":false},"product_brand":[],"product_cat":[4282],"product_tag":[4376],"class_list":{"0":"post-115278","1":"product","2":"type-product","3":"status-publish","4":"has-post-thumbnail","6":"product_cat-namnskyltar-med-nal","7":"product_tag-transparent","8":"product_shipping_class-tunga-paket","9":"pa_brands-durable","10":"pa_farg-transparent","11":"tm-no-options","13":"first","14":"instock","15":"sale","16":"taxable","17":"shipping-taxable","18":"purchasable","19":"product-type-simple"},"acf":[],"_links":{"self":[{"href":"https:\/\/secureus.se\/de\/wp-json\/wp\/v2\/product\/115278","targetHints":{"allow":["GET"]}}],"collection":[{"href":"https:\/\/secureus.se\/de\/wp-json\/wp\/v2\/product"}],"about":[{"href":"https:\/\/secureus.se\/de\/wp-json\/wp\/v2\/types\/product"}],"wp:featuredmedia":[{"embeddable":true,"href":"https:\/\/secureus.se\/de\/wp-json\/wp\/v2\/media\/133721"}],"wp:attachment":[{"href":"https:\/\/secureus.se\/de\/wp-json\/wp\/v2\/media?parent=115278"}],"wp:term":[{"taxonomy":"product_brand","embeddable":true,"href":"https:\/\/secureus.se\/de\/wp-json\/wp\/v2\/product_brand?post=115278"},{"taxonomy":"product_cat","embeddable":true,"href":"https:\/\/secureus.se\/de\/wp-json\/wp\/v2\/product_cat?post=115278"},{"taxonomy":"product_tag","embeddable":true,"href":"https:\/\/secureus.se\/de\/wp-json\/wp\/v2\/product_tag?post=115278"}],"curies":[{"name":"wp","href":"https:\/\/api.w.org\/{rel}","templated":true}]}}