{"id":115290,"date":"2024-11-20T14:03:11","date_gmt":"2024-11-20T13:03:11","guid":{"rendered":"https:\/\/secureus.se\/?post_type=product&#038;p=115290"},"modified":"2026-01-12T12:23:33","modified_gmt":"2026-01-12T11:23:33","slug":"klamlist-magnetisk-sjalvhaftande-durafix-roll-5-m-3","status":"publish","type":"product","link":"https:\/\/secureus.se\/de\/klamlist-magnetisk-sjalvhaftande-durafix-roll-5-m-3\/","title":{"rendered":"Klemmleiste magnetisch, selbstklebend DURAFIX\u00ae ROLL 5 m"},"content":{"rendered":"<p>Ver\u00f6ffentlichen Sie Notizen, Erinnerungen und mehr schnell und einfach mit DURAFIX\u00ae. Einfache Handhabung: Selbstklebendes Magnetband anbringen, \u00f6ffnen, Zettel einlegen und schlie\u00dfen. Der auf die gew\u00fcnschte L\u00e4nge zuschneidbare Streifen wird auf glatten Oberfl\u00e4chen wie Schr\u00e4nken, Glast\u00fcren, Schaufenstern, Whiteboards oder Messest\u00e4nden angebracht und hinterl\u00e4sst beim Entfernen von glatten Oberfl\u00e4chen keine Spuren. Sieht von beiden Seiten einer Glasscheibe gro\u00dfartig aus. Rolle von 5 Metern, H\u00f6he 17 mm.<\/p>","protected":false},"excerpt":{"rendered":"<p>Selbstklebende magnetische Klemmschiene zur Information. Kann auf die gew\u00fcnschte L\u00e4nge zugeschnitten werden.<\/p>","protected":false},"featured_media":134729,"template":"","meta":{"_acf_changed":false},"product_brand":[],"product_cat":[4269],"product_tag":[4382],"class_list":{"0":"post-115290","1":"product","2":"type-product","3":"status-publish","4":"has-post-thumbnail","6":"product_cat-magnetisk-fastsattning","7":"product_tag-silver","8":"product_shipping_class-tunga-paket","9":"pa_brands-durable","10":"pa_farg-silver","11":"tm-no-options","13":"first","14":"instock","15":"sale","16":"taxable","17":"shipping-taxable","18":"purchasable","19":"product-type-simple"},"acf":[],"_links":{"self":[{"href":"https:\/\/secureus.se\/de\/wp-json\/wp\/v2\/product\/115290","targetHints":{"allow":["GET"]}}],"collection":[{"href":"https:\/\/secureus.se\/de\/wp-json\/wp\/v2\/product"}],"about":[{"href":"https:\/\/secureus.se\/de\/wp-json\/wp\/v2\/types\/product"}],"wp:featuredmedia":[{"embeddable":true,"href":"https:\/\/secureus.se\/de\/wp-json\/wp\/v2\/media\/134729"}],"wp:attachment":[{"href":"https:\/\/secureus.se\/de\/wp-json\/wp\/v2\/media?parent=115290"}],"wp:term":[{"taxonomy":"product_brand","embeddable":true,"href":"https:\/\/secureus.se\/de\/wp-json\/wp\/v2\/product_brand?post=115290"},{"taxonomy":"product_cat","embeddable":true,"href":"https:\/\/secureus.se\/de\/wp-json\/wp\/v2\/product_cat?post=115290"},{"taxonomy":"product_tag","embeddable":true,"href":"https:\/\/secureus.se\/de\/wp-json\/wp\/v2\/product_tag?post=115290"}],"curies":[{"name":"wp","href":"https:\/\/api.w.org\/{rel}","templated":true}]}}