{"id":115334,"date":"2024-11-20T14:03:12","date_gmt":"2024-11-20T13:03:12","guid":{"rendered":"https:\/\/secureus.se\/?post_type=product&#038;p=115334"},"modified":"2025-09-15T12:39:40","modified_gmt":"2025-09-15T10:39:40","slug":"magnetklamma-sjalvhaftande-durafix-clip-60-mm-10-pack-2","status":"publish","type":"product","link":"https:\/\/secureus.se\/de\/magnetklamma-sjalvhaftande-durafix-clip-60-mm-10-pack-2\/","title":{"rendered":"Magnetclip selbstklebend DURAFIX\u00ae CLIP 60 mm 10er Pack"},"content":{"rendered":"<p>Ver\u00f6ffentlichen Sie Notizen, Erinnerungen und mehr schnell und einfach mit DURAFIX\u00ae. Einfache Handhabung: Selbstklebenden Magnetclip anbringen, \u00f6ffnen, Zettel einlegen und schlie\u00dfen. Der Clip wird auf glatten Oberfl\u00e4chen wie Schr\u00e4nken, Glast\u00fcren, K\u00fchlschr\u00e4nken oder Messedisplays angebracht und hinterl\u00e4sst beim Entfernen von glatten Oberfl\u00e4chen keine Spuren. Abmessungen: 60x17 mm (BxH). Beutel mit 10 DURAFIX\u00ae CLIP-Klemmen<\/p>","protected":false},"excerpt":{"rendered":"<p>Magnetischer Clip f\u00fcr Notizen, Erinnerungen usw. Selbstklebend auf glatten Oberfl\u00e4chen.<\/p>","protected":false},"featured_media":115316,"template":"","meta":{"_acf_changed":false},"product_brand":[],"product_cat":[4269],"product_tag":[],"class_list":{"0":"post-115334","1":"product","2":"type-product","3":"status-publish","4":"has-post-thumbnail","6":"product_cat-magnetisk-fastsattning","7":"pa_brands-durable","8":"pa_farg-silver","9":"tm-no-options","11":"first","12":"instock","13":"sale","14":"taxable","15":"shipping-taxable","16":"purchasable","17":"product-type-simple"},"acf":[],"_links":{"self":[{"href":"https:\/\/secureus.se\/de\/wp-json\/wp\/v2\/product\/115334","targetHints":{"allow":["GET"]}}],"collection":[{"href":"https:\/\/secureus.se\/de\/wp-json\/wp\/v2\/product"}],"about":[{"href":"https:\/\/secureus.se\/de\/wp-json\/wp\/v2\/types\/product"}],"wp:featuredmedia":[{"embeddable":true,"href":"https:\/\/secureus.se\/de\/wp-json\/wp\/v2\/media\/115316"}],"wp:attachment":[{"href":"https:\/\/secureus.se\/de\/wp-json\/wp\/v2\/media?parent=115334"}],"wp:term":[{"taxonomy":"product_brand","embeddable":true,"href":"https:\/\/secureus.se\/de\/wp-json\/wp\/v2\/product_brand?post=115334"},{"taxonomy":"product_cat","embeddable":true,"href":"https:\/\/secureus.se\/de\/wp-json\/wp\/v2\/product_cat?post=115334"},{"taxonomy":"product_tag","embeddable":true,"href":"https:\/\/secureus.se\/de\/wp-json\/wp\/v2\/product_tag?post=115334"}],"curies":[{"name":"wp","href":"https:\/\/api.w.org\/{rel}","templated":true}]}}