{"id":115353,"date":"2024-11-20T14:10:21","date_gmt":"2024-11-20T13:10:21","guid":{"rendered":"https:\/\/secureus.se\/?post_type=product&#038;p=115353"},"modified":"2026-01-12T12:04:12","modified_gmt":"2026-01-12T11:04:12","slug":"golvmarkering-fotavtryck","status":"publish","type":"product","link":"https:\/\/secureus.se\/de\/golvmarkering-fotavtryck\/","title":{"rendered":"Bodenmarkierung \u201eFootprint\u201c"},"content":{"rendered":"<p>Selbstklebendes Bodenmarkierungssymbol in Form von Fu\u00dfabdr\u00fccken zur Markierung von Laufzonen im Innenbereich. Wird auf sauberen und trockenen Betonb\u00f6den befestigt. Strapazierf\u00e4hig und langlebig mit Rutschhemmklasse R9 nach DIN 51130.<br \/>\nAbmessungen (B x H x T): 90 mm x 240 mm x 0,7 mm<\/p>","protected":false},"excerpt":{"rendered":"<p>Selbstklebende Bodenmarkierung in Form eines Fu\u00dfabdrucks zur Markierung von Laufzonen.<\/p>","protected":false},"featured_media":147748,"template":"","meta":{"_acf_changed":false},"product_brand":[],"product_cat":[4302],"product_tag":[4395],"class_list":{"0":"post-115353","1":"product","2":"type-product","3":"status-publish","4":"has-post-thumbnail","6":"product_cat-markeringar-av-uppstallningsplatser","7":"product_tag-gul","8":"product_shipping_class-tunga-paket","9":"pa_brands-durable","10":"pa_farg-gul","11":"tm-no-options","13":"first","14":"instock","15":"sale","16":"taxable","17":"shipping-taxable","18":"purchasable","19":"product-type-simple"},"acf":[],"_links":{"self":[{"href":"https:\/\/secureus.se\/de\/wp-json\/wp\/v2\/product\/115353","targetHints":{"allow":["GET"]}}],"collection":[{"href":"https:\/\/secureus.se\/de\/wp-json\/wp\/v2\/product"}],"about":[{"href":"https:\/\/secureus.se\/de\/wp-json\/wp\/v2\/types\/product"}],"wp:featuredmedia":[{"embeddable":true,"href":"https:\/\/secureus.se\/de\/wp-json\/wp\/v2\/media\/147748"}],"wp:attachment":[{"href":"https:\/\/secureus.se\/de\/wp-json\/wp\/v2\/media?parent=115353"}],"wp:term":[{"taxonomy":"product_brand","embeddable":true,"href":"https:\/\/secureus.se\/de\/wp-json\/wp\/v2\/product_brand?post=115353"},{"taxonomy":"product_cat","embeddable":true,"href":"https:\/\/secureus.se\/de\/wp-json\/wp\/v2\/product_cat?post=115353"},{"taxonomy":"product_tag","embeddable":true,"href":"https:\/\/secureus.se\/de\/wp-json\/wp\/v2\/product_tag?post=115353"}],"curies":[{"name":"wp","href":"https:\/\/api.w.org\/{rel}","templated":true}]}}