{"id":115366,"date":"2024-11-20T14:03:42","date_gmt":"2024-11-20T13:03:42","guid":{"rendered":"https:\/\/secureus.se\/?post_type=product&#038;p=115366"},"modified":"2025-09-15T12:40:21","modified_gmt":"2025-09-15T10:40:21","slug":"klamlist-magnetisk-durafix-rail-297-mm","status":"publish","type":"product","link":"https:\/\/secureus.se\/de\/klamlist-magnetisk-durafix-rail-297-mm\/","title":{"rendered":"Klemmleiste magnetisch DURAFIX\u00ae RAIL 297 mm"},"content":{"rendered":"<p>Ver\u00f6ffentlichen Sie Notizen, Erinnerungen und mehr schnell und einfach mit DURAFIX\u00ae. Einfache Handhabung: Selbstklebendes Magnetband anbringen, \u00f6ffnen, Zettel einlegen und schlie\u00dfen. Der Streifen wird auf glatten Oberfl\u00e4chen wie Schr\u00e4nken, Glast\u00fcren, Schaufenstern, Whiteboards oder Messest\u00e4nden angebracht und hinterl\u00e4sst beim Entfernen von glatten Oberfl\u00e4chen keine Spuren. Verwenden Sie eine oder zwei Listen, um die Informationen einzurichten. Sieht von beiden Seiten einer Glasscheibe gro\u00dfartig aus. Abmessungen: 297\u00d717 mm (BxH), geeignet f\u00fcr die Formate A4 quer und A3 hoch. Beutel mit 5 DURAFIX\u00aeRAIL Klemmschienen.<\/p>","protected":false},"excerpt":{"rendered":"<p>Selbstklebender Magnetclip f\u00fcr Dokumente und Notizen. F\u00fcr A4-Querformat oder A3-Hochformat.<\/p>","protected":false},"featured_media":115368,"template":"","meta":{"_acf_changed":false},"product_brand":[],"product_cat":[4269],"product_tag":[],"class_list":{"0":"post-115366","1":"product","2":"type-product","3":"status-publish","4":"has-post-thumbnail","6":"product_cat-magnetisk-fastsattning","7":"pa_brands-durable","8":"pa_farg-silver","9":"tm-no-options","11":"first","12":"instock","13":"sale","14":"taxable","15":"shipping-taxable","16":"purchasable","17":"product-type-simple"},"acf":[],"_links":{"self":[{"href":"https:\/\/secureus.se\/de\/wp-json\/wp\/v2\/product\/115366","targetHints":{"allow":["GET"]}}],"collection":[{"href":"https:\/\/secureus.se\/de\/wp-json\/wp\/v2\/product"}],"about":[{"href":"https:\/\/secureus.se\/de\/wp-json\/wp\/v2\/types\/product"}],"wp:featuredmedia":[{"embeddable":true,"href":"https:\/\/secureus.se\/de\/wp-json\/wp\/v2\/media\/115368"}],"wp:attachment":[{"href":"https:\/\/secureus.se\/de\/wp-json\/wp\/v2\/media?parent=115366"}],"wp:term":[{"taxonomy":"product_brand","embeddable":true,"href":"https:\/\/secureus.se\/de\/wp-json\/wp\/v2\/product_brand?post=115366"},{"taxonomy":"product_cat","embeddable":true,"href":"https:\/\/secureus.se\/de\/wp-json\/wp\/v2\/product_cat?post=115366"},{"taxonomy":"product_tag","embeddable":true,"href":"https:\/\/secureus.se\/de\/wp-json\/wp\/v2\/product_tag?post=115366"}],"curies":[{"name":"wp","href":"https:\/\/api.w.org\/{rel}","templated":true}]}}