{"id":115387,"date":"2024-11-20T14:13:38","date_gmt":"2024-11-20T13:13:38","guid":{"rendered":"https:\/\/secureus.se\/?post_type=product&#038;p=115387"},"modified":"2025-12-31T21:28:23","modified_gmt":"2025-12-31T20:28:23","slug":"namnskylt-classic-30x65-nal-klamfaste","status":"publish","type":"product","link":"https:\/\/secureus.se\/de\/namnskylt-classic-30x65-nal-klamfaste\/","title":{"rendered":"Namensschild CLASSIC 30\u00d765, Stift-\/Clipbefestigung"},"content":{"rendered":"<p>Konferenzteilnehmer, Besucher von Unternehmen, Mitarbeiter auf Messen, in Gesch\u00e4ften, Dienstleistungsberufe und Verk\u00e4ufer \u2013 die Liste l\u00e4sst sich erweitern, wo Bedarf an Namensschildern in unterschiedlichen Gr\u00f6\u00dfen, Designs und Befestigungsm\u00f6glichkeiten besteht. Dieses elegante 30\u00d765 mm gro\u00dfe Schild in Aluminiumoptik und mit kratzfestem Rahmen ist leicht gew\u00f6lbt, wodurch der Text besonders gut lesbar ist. Mit der Kombiklemme haben Sie die M\u00f6glichkeit, wie das Schild befestigt werden soll. Einfaches Entfernen und Ersetzen des Namensschilds. Wei\u00dfe Etiketten inklusive. Etiketten auf A4-Bl\u00e4ttern zum Ausdrucken in Druckern k\u00f6nnen separat bestellt werden. Verwenden Sie das kostenlose Programm DURAPRINT\u00ae, das unter www.duraprint.se verf\u00fcgbar ist, um stilvolle Namensschilder zu erstellen und zu drucken.<br \/>\nZubeh\u00f6r:<br \/>\nBadgemaker\u00ae-Etiketten auf A4-Bl\u00e4ttern zum Bedrucken im Drucker, Art.-Nr<\/p>","protected":false},"excerpt":{"rendered":"<p>Leichtes, konvexes Namensschild mit verzinktem Rahmen, das mit einer Sicherheitsnadel oder einem Clip befestigt werden kann. Eleganter Aluminium-Look im Format 30x65mm. 10 St\u00fcck\/Karton<\/p>","protected":false},"featured_media":133692,"template":"","meta":{"_acf_changed":false},"product_brand":[],"product_cat":[4282],"product_tag":[4382],"class_list":{"0":"post-115387","1":"product","2":"type-product","3":"status-publish","4":"has-post-thumbnail","6":"product_cat-namnskyltar-med-nal","7":"product_tag-silver","8":"product_shipping_class-tunga-paket","9":"pa_brands-durable","10":"pa_farg-silver","11":"tm-no-options","13":"first","14":"instock","15":"sale","16":"taxable","17":"shipping-taxable","18":"purchasable","19":"product-type-simple"},"acf":[],"_links":{"self":[{"href":"https:\/\/secureus.se\/de\/wp-json\/wp\/v2\/product\/115387","targetHints":{"allow":["GET"]}}],"collection":[{"href":"https:\/\/secureus.se\/de\/wp-json\/wp\/v2\/product"}],"about":[{"href":"https:\/\/secureus.se\/de\/wp-json\/wp\/v2\/types\/product"}],"wp:featuredmedia":[{"embeddable":true,"href":"https:\/\/secureus.se\/de\/wp-json\/wp\/v2\/media\/133692"}],"wp:attachment":[{"href":"https:\/\/secureus.se\/de\/wp-json\/wp\/v2\/media?parent=115387"}],"wp:term":[{"taxonomy":"product_brand","embeddable":true,"href":"https:\/\/secureus.se\/de\/wp-json\/wp\/v2\/product_brand?post=115387"},{"taxonomy":"product_cat","embeddable":true,"href":"https:\/\/secureus.se\/de\/wp-json\/wp\/v2\/product_cat?post=115387"},{"taxonomy":"product_tag","embeddable":true,"href":"https:\/\/secureus.se\/de\/wp-json\/wp\/v2\/product_tag?post=115387"}],"curies":[{"name":"wp","href":"https:\/\/api.w.org\/{rel}","templated":true}]}}