{"id":115412,"date":"2024-11-20T14:10:39","date_gmt":"2024-11-20T13:10:39","guid":{"rendered":"https:\/\/secureus.se\/?post_type=product&#038;p=115412"},"modified":"2026-01-12T12:56:35","modified_gmt":"2026-01-12T11:56:35","slug":"golvmarkeringstejp-duraline-50-05-borttagbar","status":"publish","type":"product","link":"https:\/\/secureus.se\/de\/golvmarkeringstejp-duraline-50-05-borttagbar\/","title":{"rendered":"Bodenmarkierungsband DURALINE\u00ae 50\/05 abl\u00f6sbar"},"content":{"rendered":"<p>Selbstklebendes, abl\u00f6sbares, gestreiftes Markierungsband f\u00fcr den Innenbereich. Wird zur vor\u00fcbergehenden Markierung von Sperrbereichen und Grenzen in Gesch\u00e4ften, Fitnessstudios, Hotels und Restaurants verwendet. Wird auf sauberen und trockenen Betonb\u00f6den befestigt. Rutschhemmungsgrad R9 nach DIN51130.<br \/>\nAbmessungen (B x L): Rolle \u00e0 15 m, 50 mm breit, Dicke 0,5 mm<\/p>","protected":false},"excerpt":{"rendered":"<p>Selbstklebendes, abnehmbares, gestreiftes Bodenmarkierungsband in Warnfarben. Erh\u00f6ht die Sicherheit durch eindeutige Markierung.<\/p>","protected":false},"featured_media":133839,"template":"","meta":{"_acf_changed":false},"product_brand":[],"product_cat":[4303],"product_tag":[4386],"class_list":{"0":"post-115412","1":"product","2":"type-product","3":"status-publish","4":"has-post-thumbnail","6":"product_cat-golvtejp","7":"product_tag-gul-svart","8":"product_shipping_class-tunga-paket","9":"pa_brands-durable","10":"pa_farg-gul-svart","11":"tm-no-options","13":"first","14":"instock","15":"sale","16":"taxable","17":"shipping-taxable","18":"purchasable","19":"product-type-simple"},"acf":[],"_links":{"self":[{"href":"https:\/\/secureus.se\/de\/wp-json\/wp\/v2\/product\/115412","targetHints":{"allow":["GET"]}}],"collection":[{"href":"https:\/\/secureus.se\/de\/wp-json\/wp\/v2\/product"}],"about":[{"href":"https:\/\/secureus.se\/de\/wp-json\/wp\/v2\/types\/product"}],"wp:featuredmedia":[{"embeddable":true,"href":"https:\/\/secureus.se\/de\/wp-json\/wp\/v2\/media\/133839"}],"wp:attachment":[{"href":"https:\/\/secureus.se\/de\/wp-json\/wp\/v2\/media?parent=115412"}],"wp:term":[{"taxonomy":"product_brand","embeddable":true,"href":"https:\/\/secureus.se\/de\/wp-json\/wp\/v2\/product_brand?post=115412"},{"taxonomy":"product_cat","embeddable":true,"href":"https:\/\/secureus.se\/de\/wp-json\/wp\/v2\/product_cat?post=115412"},{"taxonomy":"product_tag","embeddable":true,"href":"https:\/\/secureus.se\/de\/wp-json\/wp\/v2\/product_tag?post=115412"}],"curies":[{"name":"wp","href":"https:\/\/api.w.org\/{rel}","templated":true}]}}