{"id":115434,"date":"2024-12-07T15:21:15","date_gmt":"2024-12-07T14:21:15","guid":{"rendered":"https:\/\/secureus.se\/?post_type=product&#038;p=115434"},"modified":"2026-01-12T12:53:02","modified_gmt":"2026-01-12T11:53:02","slug":"plastkortskrivare-duracard-id-300","status":"publish","type":"product","link":"https:\/\/secureus.se\/de\/plastkortskrivare-duracard-id-300\/","title":{"rendered":"Plastikkartendrucker DURACARD ID 300"},"content":{"rendered":"<p>Plastikkartendrucker inkl. YMCKO Farbband f\u00fcr Farbdruck in Fotoqualit\u00e4t und 100 Plastikkarten im Kreditkartenformat. Der Druck auf den Karten ist tropfenfest, wasserbest\u00e4ndig und kann mehrfarbig oder einfarbig schwarz gedruckt werden. Sowohl das Magazin als auch das Ausgabefach des Druckers fassen 25 dicke (0,75 mm) oder 40 d\u00fcnne (0,5 mm) Karten. Erstellen Sie Ihr eigenes Design auf der Karte mit dem kostenlosen Programm DURAPRINT\u00ae, verf\u00fcgbar unter www.duraprint.se. Die Karten lassen sich perfekt mit den Kartenhaltern und Accessoires von Durable kombinieren. Druckgeschwindigkeit Farbe 38 Sek.\/Karte = 95 Karten\/Stunde, Schwarz 11 Sek.\/Karte = 325 Karten\/Stunde. 16 MB Speicher (RAM), USB 2.0 (kompatibel mit USB 1.1 und 3.0). Systemvoraussetzungen Voraussetzungen f\u00fcr die Verwendung mit PC: Windows XP SP3, VISTA, 7 und 8 oder h\u00f6her. MAC: MAC OS X 10.6 oder h\u00f6her, Intel-Prozessor. F\u00fcr PC und MAC: 512 MB RAM, 1024\u00d7768 Pixel Aufl\u00f6sung, 1 USB-Anschluss.<\/p>","protected":false},"excerpt":{"rendered":"<p>Plastikkartendrucker inkl. YMCKO Farbband f\u00fcr Farbdruck und 100 Plastikkarten.<\/p>","protected":false},"featured_media":135556,"template":"","meta":{"_acf_changed":false},"product_brand":[],"product_cat":[4344,4347],"product_tag":[],"class_list":{"0":"post-115434","1":"product","2":"type-product","3":"status-publish","4":"has-post-thumbnail","6":"product_cat-duracard","7":"product_cat-kortskrivare-tillbehor-duracard","8":"product_shipping_class-tunga-paket","9":"pa_brands-durable","10":"tm-no-options","12":"first","13":"instock","14":"sale","15":"taxable","16":"shipping-taxable","17":"purchasable","18":"product-type-simple"},"acf":[],"_links":{"self":[{"href":"https:\/\/secureus.se\/de\/wp-json\/wp\/v2\/product\/115434","targetHints":{"allow":["GET"]}}],"collection":[{"href":"https:\/\/secureus.se\/de\/wp-json\/wp\/v2\/product"}],"about":[{"href":"https:\/\/secureus.se\/de\/wp-json\/wp\/v2\/types\/product"}],"wp:featuredmedia":[{"embeddable":true,"href":"https:\/\/secureus.se\/de\/wp-json\/wp\/v2\/media\/135556"}],"wp:attachment":[{"href":"https:\/\/secureus.se\/de\/wp-json\/wp\/v2\/media?parent=115434"}],"wp:term":[{"taxonomy":"product_brand","embeddable":true,"href":"https:\/\/secureus.se\/de\/wp-json\/wp\/v2\/product_brand?post=115434"},{"taxonomy":"product_cat","embeddable":true,"href":"https:\/\/secureus.se\/de\/wp-json\/wp\/v2\/product_cat?post=115434"},{"taxonomy":"product_tag","embeddable":true,"href":"https:\/\/secureus.se\/de\/wp-json\/wp\/v2\/product_tag?post=115434"}],"curies":[{"name":"wp","href":"https:\/\/api.w.org\/{rel}","templated":true}]}}