{"id":115451,"date":"2024-11-20T14:11:57","date_gmt":"2024-11-20T13:11:57","guid":{"rendered":"https:\/\/secureus.se\/?post_type=product&#038;p=115451"},"modified":"2026-01-12T12:48:19","modified_gmt":"2026-01-12T11:48:19","slug":"namnskylt-40x75-fickklaff","status":"publish","type":"product","link":"https:\/\/secureus.se\/de\/namnskylt-40x75-fickklaff\/","title":{"rendered":"Namensschild 40\u00d775 Taschenklappe"},"content":{"rendered":"<p>Konferenzteilnehmer, Besucher von Unternehmen, Mitarbeiter auf Messen, in Gesch\u00e4ften, Dienstleistungsberufe und Verk\u00e4ufer \u2013 die Liste l\u00e4sst sich erweitern, wo Bedarf an Namensschildern in unterschiedlichen Gr\u00f6\u00dfen, Designs und Befestigungsm\u00f6glichkeiten besteht. Dieses Acrylschild wird durch Herunterschieben am Rand der Brusttasche befestigt, sodass das eigentliche Namensschild 40 x 75 mm sichtbar ist und die R\u00fcckseite (75 mm) auf der Innenseite der Tasche liegt. Wei\u00dfe Etiketten inklusive. Etiketten auf A4-Bl\u00e4ttern zum Ausdrucken in Druckern k\u00f6nnen separat bestellt werden. Verwenden Sie das kostenlose Programm DURAPRINT\u00ae, das unter www.duraprint.se verf\u00fcgbar ist, um stilvolle Namensschilder zu erstellen und zu drucken.<br \/>\nZubeh\u00f6r:<br \/>\nBadgemaker\u00ae-Etiketten auf A4-Bl\u00e4ttern zum Ausdrucken im Drucker, Art.-Nr<\/p>","protected":false},"excerpt":{"rendered":"<p>Namensschild aus Acryl mit Taschenklappe. Dezente, aber dennoch gut sichtbare Gr\u00f6\u00dfe 40x75mm. 25 St\u00fcck\/Karton<\/p>","protected":false},"featured_media":133600,"template":"","meta":{"_acf_changed":false},"product_brand":[],"product_cat":[4273],"product_tag":[4376],"class_list":{"0":"post-115451","1":"product","2":"type-product","3":"status-publish","4":"has-post-thumbnail","6":"product_cat-namnskyltar-utan-faste","7":"product_tag-transparent","8":"product_shipping_class-tunga-paket","9":"pa_brands-durable","10":"pa_farg-transparent","11":"tm-no-options","13":"first","14":"instock","15":"sale","16":"taxable","17":"shipping-taxable","18":"purchasable","19":"product-type-simple"},"acf":[],"_links":{"self":[{"href":"https:\/\/secureus.se\/de\/wp-json\/wp\/v2\/product\/115451","targetHints":{"allow":["GET"]}}],"collection":[{"href":"https:\/\/secureus.se\/de\/wp-json\/wp\/v2\/product"}],"about":[{"href":"https:\/\/secureus.se\/de\/wp-json\/wp\/v2\/types\/product"}],"wp:featuredmedia":[{"embeddable":true,"href":"https:\/\/secureus.se\/de\/wp-json\/wp\/v2\/media\/133600"}],"wp:attachment":[{"href":"https:\/\/secureus.se\/de\/wp-json\/wp\/v2\/media?parent=115451"}],"wp:term":[{"taxonomy":"product_brand","embeddable":true,"href":"https:\/\/secureus.se\/de\/wp-json\/wp\/v2\/product_brand?post=115451"},{"taxonomy":"product_cat","embeddable":true,"href":"https:\/\/secureus.se\/de\/wp-json\/wp\/v2\/product_cat?post=115451"},{"taxonomy":"product_tag","embeddable":true,"href":"https:\/\/secureus.se\/de\/wp-json\/wp\/v2\/product_tag?post=115451"}],"curies":[{"name":"wp","href":"https:\/\/api.w.org\/{rel}","templated":true}]}}