{"id":115473,"date":"2024-11-20T14:11:59","date_gmt":"2024-11-20T13:11:59","guid":{"rendered":"https:\/\/secureus.se\/?post_type=product&#038;p=115473"},"modified":"2026-01-12T12:52:12","modified_gmt":"2026-01-12T11:52:12","slug":"namnskylt-40x75-nalfaste-10-pack","status":"publish","type":"product","link":"https:\/\/secureus.se\/de\/namnskylt-40x75-nalfaste-10-pack\/","title":{"rendered":"Namensschild 40\u00d775, Stifthalter 10er-Pack"},"content":{"rendered":"<p>Tagungsteilnehmer, Besucher von Unternehmen, Mitarbeiter auf Messen, in Gesch\u00e4ften, Dienstleistungsberufe und Verk\u00e4ufer \u2013 die Liste l\u00e4sst sich erweitern, wo Bedarf an Namensschildern in unterschiedlichen Gr\u00f6\u00dfen, Designs und Befestigungsm\u00f6glichkeiten besteht. Dies ist ein klassisches, einfaches Namensschild im Format 40 x 75 mm mit durchdachten Funktionen. Die S-f\u00f6rmige Nadel verhindert, dass das Namensschild nach unten wackelt, wenn es an der Kleidung befestigt wird. Die Nadelspitze ist gesch\u00fctzt, damit sie den Tr\u00e4ger nicht sticht, und der Daumengriff erleichtert das Entfernen der Karte. Wei\u00dfe Etiketten im Streifen sind im Lieferumfang enthalten. Etiketten auf A4-Bl\u00e4ttern zum Ausdrucken in Druckern k\u00f6nnen separat bestellt werden. Verwenden Sie das kostenlose Programm DURAPRINT\u00ae, das unter www.duraprint.se verf\u00fcgbar ist, um stilvolle Namensschilder zu erstellen und zu drucken.<br \/>\nZubeh\u00f6r:<br \/>\nBadgemaker\u00ae-Etiketten auf A4-Bl\u00e4ttern zum Ausdrucken im Drucker, Art.-Nr<\/p>","protected":false},"excerpt":{"rendered":"<p>Namensschild, das mit einer Sicherheitsnadel befestigt wird. Dezente, aber dennoch gut sichtbare Gr\u00f6\u00dfe 40x75mm. 10 St\u00fcck\/Karton<\/p>","protected":false},"featured_media":134646,"template":"","meta":{"_acf_changed":false},"product_brand":[],"product_cat":[4282],"product_tag":[4376],"class_list":{"0":"post-115473","1":"product","2":"type-product","3":"status-publish","4":"has-post-thumbnail","6":"product_cat-namnskyltar-med-nal","7":"product_tag-transparent","8":"product_shipping_class-tunga-paket","9":"pa_brands-durable","10":"pa_farg-transparent","11":"tm-no-options","13":"first","14":"instock","15":"sale","16":"taxable","17":"shipping-taxable","18":"purchasable","19":"product-type-simple"},"acf":[],"_links":{"self":[{"href":"https:\/\/secureus.se\/de\/wp-json\/wp\/v2\/product\/115473","targetHints":{"allow":["GET"]}}],"collection":[{"href":"https:\/\/secureus.se\/de\/wp-json\/wp\/v2\/product"}],"about":[{"href":"https:\/\/secureus.se\/de\/wp-json\/wp\/v2\/types\/product"}],"wp:featuredmedia":[{"embeddable":true,"href":"https:\/\/secureus.se\/de\/wp-json\/wp\/v2\/media\/134646"}],"wp:attachment":[{"href":"https:\/\/secureus.se\/de\/wp-json\/wp\/v2\/media?parent=115473"}],"wp:term":[{"taxonomy":"product_brand","embeddable":true,"href":"https:\/\/secureus.se\/de\/wp-json\/wp\/v2\/product_brand?post=115473"},{"taxonomy":"product_cat","embeddable":true,"href":"https:\/\/secureus.se\/de\/wp-json\/wp\/v2\/product_cat?post=115473"},{"taxonomy":"product_tag","embeddable":true,"href":"https:\/\/secureus.se\/de\/wp-json\/wp\/v2\/product_tag?post=115473"}],"curies":[{"name":"wp","href":"https:\/\/api.w.org\/{rel}","templated":true}]}}