{"id":115485,"date":"2024-11-20T13:57:47","date_gmt":"2024-11-20T12:57:47","guid":{"rendered":"https:\/\/secureus.se\/?post_type=product&#038;p=115485"},"modified":"2026-01-12T12:26:10","modified_gmt":"2026-01-12T11:26:10","slug":"etiketter-n-149x2105-a5-staende-refill","status":"publish","type":"product","link":"https:\/\/secureus.se\/de\/etiketter-n-149x2105-a5-staende-refill\/","title":{"rendered":"Etiketten N 149\u00d7210,5 (A5 Hochformat) Nachf\u00fcllung"},"content":{"rendered":"<p>Wei\u00dfes 160-g-A4-Blatt, passend zu den Schildern des Schildes INFO SIGN 4803 im stehenden A5-Format 149\u00d7210,5 mm. Entwerfen Sie das Schild mit dem kostenlosen Programm DURAPRINT\u00ae, das unter www.duraprint.se verf\u00fcgbar ist, und drucken Sie es mit einem Laserdrucker aus. Eine Packung enth\u00e4lt 10 B\u00f6gen mit 1 Schildereinlage\/Blatt. Die Bl\u00e4tter sind perforiert und lassen sich leicht auseinanderrei\u00dfen.<\/p>","protected":false},"excerpt":{"rendered":"<p>10 wei\u00dfe Einlagen f\u00fcr das Schild INFO SIGN 4803, vertikal A5 (149\u00d7210,5 mm). <\/p>","protected":false},"featured_media":135067,"template":"","meta":{"_acf_changed":false},"product_brand":[],"product_cat":[4265,4263,4206],"product_tag":[4396],"class_list":{"0":"post-115485","1":"product","2":"type-product","3":"status-publish","4":"has-post-thumbnail","6":"product_cat-dorrskyltar-i-alumunium","7":"product_cat-dorrskyltar-i-plast","8":"product_cat-kontor-lager","9":"product_tag-vit","10":"product_shipping_class-tunga-paket","11":"pa_brands-durable","12":"pa_farg-vit","13":"tm-no-options","15":"first","16":"instock","17":"sale","18":"taxable","19":"shipping-taxable","20":"purchasable","21":"product-type-simple"},"acf":[],"_links":{"self":[{"href":"https:\/\/secureus.se\/de\/wp-json\/wp\/v2\/product\/115485","targetHints":{"allow":["GET"]}}],"collection":[{"href":"https:\/\/secureus.se\/de\/wp-json\/wp\/v2\/product"}],"about":[{"href":"https:\/\/secureus.se\/de\/wp-json\/wp\/v2\/types\/product"}],"wp:featuredmedia":[{"embeddable":true,"href":"https:\/\/secureus.se\/de\/wp-json\/wp\/v2\/media\/135067"}],"wp:attachment":[{"href":"https:\/\/secureus.se\/de\/wp-json\/wp\/v2\/media?parent=115485"}],"wp:term":[{"taxonomy":"product_brand","embeddable":true,"href":"https:\/\/secureus.se\/de\/wp-json\/wp\/v2\/product_brand?post=115485"},{"taxonomy":"product_cat","embeddable":true,"href":"https:\/\/secureus.se\/de\/wp-json\/wp\/v2\/product_cat?post=115485"},{"taxonomy":"product_tag","embeddable":true,"href":"https:\/\/secureus.se\/de\/wp-json\/wp\/v2\/product_tag?post=115485"}],"curies":[{"name":"wp","href":"https:\/\/api.w.org\/{rel}","templated":true}]}}