{"id":115499,"date":"2024-11-20T14:00:47","date_gmt":"2024-11-20T13:00:47","guid":{"rendered":"https:\/\/secureus.se\/?post_type=product&#038;p=115499"},"modified":"2026-01-12T12:24:26","modified_gmt":"2026-01-12T11:24:26","slug":"dorrskylt-info-sign-210x149-a5","status":"publish","type":"product","link":"https:\/\/secureus.se\/de\/dorrskylt-info-sign-210x149-a5\/","title":{"rendered":"T\u00fcrschild INFO SIGN 210\u00d7149 (A5)"},"content":{"rendered":"<p>Stilvolle T\u00fcr- und Wandschilder in verschiedenen Designs helfen den Besuchern bei der Orientierung und informieren dar\u00fcber, wer, welche Abteilung, welcher Veranstaltungs- oder Konferenzraum sich wo in den R\u00e4umlichkeiten befindet. Die Schilderserie INFO SIGN verf\u00fcgt \u00fcber eine R\u00fcckseite und Randstreifen aus Aluminium. Das wei\u00dfe Blatt mit Text liegt gesch\u00fctzt hinter der entspiegelten Frontplatte, die in die Randstreifen eingeschoben wird und von zwei schwarzen Verschl\u00fcssen gehalten wird. Im Lieferumfang sind eine Schablone zum Bohren von L\u00f6chern, eine Montageanleitung, eine wei\u00dfe Einlegeplatte, Schrauben, D\u00fcbel und Befestigungspads enthalten. Gestalten Sie dieses horizontale A5-Schild (210\u00d7149) mit dem kostenlosen Programm DURAPRINT\u00ae, das unter www.duraprint.se erh\u00e4ltlich ist. Drucken Sie auf A4-Bl\u00e4ttern mit 2 Etiketten pro Blatt, die separat bestellt werden m\u00fcssen.<br \/>\nZubeh\u00f6r: A4-Blatt zum Bedrucken im Laserdrucker, Artikelnummer 485502. <\/p>","protected":false},"excerpt":{"rendered":"<p>Stilvolles T\u00fcrschild im Querformat A5, 210x149mm. Hergestellt aus Aluminium mit entspiegelter Frontplatte aus Acrylkunststoff.<\/p>","protected":false},"featured_media":134932,"template":"","meta":{"_acf_changed":false},"product_brand":[],"product_cat":[4265],"product_tag":[4382],"class_list":{"0":"post-115499","1":"product","2":"type-product","3":"status-publish","4":"has-post-thumbnail","6":"product_cat-dorrskyltar-i-alumunium","7":"product_tag-silver","8":"product_shipping_class-tunga-paket","9":"pa_brands-durable","10":"pa_farg-silver","11":"tm-no-options","13":"first","14":"instock","15":"sale","16":"taxable","17":"shipping-taxable","18":"purchasable","19":"product-type-simple"},"acf":[],"_links":{"self":[{"href":"https:\/\/secureus.se\/de\/wp-json\/wp\/v2\/product\/115499","targetHints":{"allow":["GET"]}}],"collection":[{"href":"https:\/\/secureus.se\/de\/wp-json\/wp\/v2\/product"}],"about":[{"href":"https:\/\/secureus.se\/de\/wp-json\/wp\/v2\/types\/product"}],"wp:featuredmedia":[{"embeddable":true,"href":"https:\/\/secureus.se\/de\/wp-json\/wp\/v2\/media\/134932"}],"wp:attachment":[{"href":"https:\/\/secureus.se\/de\/wp-json\/wp\/v2\/media?parent=115499"}],"wp:term":[{"taxonomy":"product_brand","embeddable":true,"href":"https:\/\/secureus.se\/de\/wp-json\/wp\/v2\/product_brand?post=115499"},{"taxonomy":"product_cat","embeddable":true,"href":"https:\/\/secureus.se\/de\/wp-json\/wp\/v2\/product_cat?post=115499"},{"taxonomy":"product_tag","embeddable":true,"href":"https:\/\/secureus.se\/de\/wp-json\/wp\/v2\/product_tag?post=115499"}],"curies":[{"name":"wp","href":"https:\/\/api.w.org\/{rel}","templated":true}]}}