{"id":115508,"date":"2024-11-20T14:16:23","date_gmt":"2024-11-20T13:16:23","guid":{"rendered":"https:\/\/secureus.se\/?post_type=product&#038;p=115508"},"modified":"2026-01-12T12:05:33","modified_gmt":"2026-01-12T11:05:33","slug":"plastficka-a5l-med-fastband","status":"publish","type":"product","link":"https:\/\/secureus.se\/de\/plastficka-a5l-med-fastband\/","title":{"rendered":"Kunststofftasche A5L mit Befestigungsband"},"content":{"rendered":"<p>Eine klare und umfassende Kennzeichnung von Schr\u00e4nken, T\u00fcren, Beh\u00e4ltern und Gitterw\u00e4nden verbessert und rationalisiert den Arbeitsablauf in Lagern und Produktionsst\u00e4tten. Die Kunststofftaschen aus strapazierf\u00e4higem Polypropylen k\u00f6nnen mit einem Scanner gelesen werden. Durch eine Abdeckung ist das Inlay auch im Au\u00dfenbereich vor Schmutz und Feuchtigkeit gesch\u00fctzt. Wird mit zwei pfeilf\u00f6rmigen Riemen befestigt, die durch die L\u00f6cher oben in der Tasche gef\u00e4delt und dann fest am Gitter befestigt werden. Eine kostenlose Vorlage f\u00fcr das Etikett finden Sie unter www.duraprint.se.<br \/>\nInnenma\u00dfe: A5L (210\u00d7148 mm B x H)<br \/>\nAu\u00dfenma\u00dfe: 223\u00d7380 mm (B x H)<br \/>\nZubeh\u00f6r: Etiketten auf A4-Bl\u00e4ttern, Art.-Nr. Nr. 485502<\/p>","protected":false},"excerpt":{"rendered":"<p>Kunststofftasche mit selbstsicherndem Band zum Aufh\u00e4ngen an verschiedenen Netzarten wie Netzw\u00e4nden und Netzwagen. Mit einer Schutzh\u00fclle \u00fcber der \u00d6ffnung.<\/p>","protected":false},"featured_media":133538,"template":"","meta":{"_acf_changed":false},"product_brand":[],"product_cat":[4306],"product_tag":[4387],"class_list":{"0":"post-115508","1":"product","2":"type-product","3":"status-publish","4":"has-post-thumbnail","6":"product_cat-markning-pallstall","7":"product_tag-bla","8":"product_shipping_class-tunga-paket","9":"pa_brands-durable","10":"pa_farg-bla","11":"tm-no-options","13":"first","14":"instock","15":"sale","16":"taxable","17":"shipping-taxable","18":"purchasable","19":"product-type-simple"},"acf":[],"_links":{"self":[{"href":"https:\/\/secureus.se\/de\/wp-json\/wp\/v2\/product\/115508","targetHints":{"allow":["GET"]}}],"collection":[{"href":"https:\/\/secureus.se\/de\/wp-json\/wp\/v2\/product"}],"about":[{"href":"https:\/\/secureus.se\/de\/wp-json\/wp\/v2\/types\/product"}],"wp:featuredmedia":[{"embeddable":true,"href":"https:\/\/secureus.se\/de\/wp-json\/wp\/v2\/media\/133538"}],"wp:attachment":[{"href":"https:\/\/secureus.se\/de\/wp-json\/wp\/v2\/media?parent=115508"}],"wp:term":[{"taxonomy":"product_brand","embeddable":true,"href":"https:\/\/secureus.se\/de\/wp-json\/wp\/v2\/product_brand?post=115508"},{"taxonomy":"product_cat","embeddable":true,"href":"https:\/\/secureus.se\/de\/wp-json\/wp\/v2\/product_cat?post=115508"},{"taxonomy":"product_tag","embeddable":true,"href":"https:\/\/secureus.se\/de\/wp-json\/wp\/v2\/product_tag?post=115508"}],"curies":[{"name":"wp","href":"https:\/\/api.w.org\/{rel}","templated":true}]}}