{"id":115560,"date":"2024-11-20T14:13:38","date_gmt":"2024-11-20T13:13:38","guid":{"rendered":"https:\/\/secureus.se\/?post_type=product&#038;p=115560"},"modified":"2026-01-12T12:50:54","modified_gmt":"2026-01-12T11:50:54","slug":"namnskylt-badgefix-46x105-sjalvhaftande","status":"publish","type":"product","link":"https:\/\/secureus.se\/de\/namnskylt-badgefix-46x105-sjalvhaftande\/","title":{"rendered":"Namensschild BADGEFIX 46\u00d7105, selbstklebend"},"content":{"rendered":"<p>Konferenzteilnehmer, Besucher von Unternehmen, Mitarbeiter auf Messen, in Gesch\u00e4ften, Dienstleistungsberufe und Verk\u00e4ufer \u2013 die Liste l\u00e4sst sich erweitern, wo Bedarf an Namensschildern in unterschiedlichen Gr\u00f6\u00dfen, Designs und Befestigungsm\u00f6glichkeiten besteht. Dieses selbstklebende Namensschild aus Acetatseide im Format 46\u00d7105 mm ist extra breit und bietet viel Platz f\u00fcr Name und Logo. Erleichtert das Abstandhalten, da die Lesbarkeit auch aus gr\u00f6\u00dferer Entfernung gut ist. Verwenden Sie das kostenlose Programm DURAPRINT\u00ae, das unter www.duraprint.se verf\u00fcgbar ist, um stilvolle Namensschilder zu erstellen und zu drucken. Nicht empfohlen f\u00fcr Seide, Wildleder, Leder und andere empfindliche Materialien. 20 Blatt = 240 Namensschilder in einer Packung.<\/p>","protected":false},"excerpt":{"rendered":"<p>Selbstklebendes Namensschild aus Acetatseide 46\u00d7105 mm auf bedruckbaren A4-Bl\u00e4ttern. Extra breit f\u00fcr gute Lesbarkeit aus gro\u00dfer Entfernung.<\/p>","protected":false},"featured_media":133702,"template":"","meta":{"_acf_changed":false},"product_brand":[],"product_cat":[4275,4274],"product_tag":[4396],"class_list":{"0":"post-115560","1":"product","2":"type-product","3":"status-publish","4":"has-post-thumbnail","6":"product_cat-namnskyltar-kompletta-set","7":"product_cat-namnskyltar-sjalvhaftande","8":"product_tag-vit","9":"product_shipping_class-tunga-paket","10":"pa_brands-durable","11":"pa_farg-vit","12":"tm-no-options","14":"first","15":"instock","16":"sale","17":"taxable","18":"shipping-taxable","19":"purchasable","20":"product-type-simple"},"acf":[],"_links":{"self":[{"href":"https:\/\/secureus.se\/de\/wp-json\/wp\/v2\/product\/115560","targetHints":{"allow":["GET"]}}],"collection":[{"href":"https:\/\/secureus.se\/de\/wp-json\/wp\/v2\/product"}],"about":[{"href":"https:\/\/secureus.se\/de\/wp-json\/wp\/v2\/types\/product"}],"wp:featuredmedia":[{"embeddable":true,"href":"https:\/\/secureus.se\/de\/wp-json\/wp\/v2\/media\/133702"}],"wp:attachment":[{"href":"https:\/\/secureus.se\/de\/wp-json\/wp\/v2\/media?parent=115560"}],"wp:term":[{"taxonomy":"product_brand","embeddable":true,"href":"https:\/\/secureus.se\/de\/wp-json\/wp\/v2\/product_brand?post=115560"},{"taxonomy":"product_cat","embeddable":true,"href":"https:\/\/secureus.se\/de\/wp-json\/wp\/v2\/product_cat?post=115560"},{"taxonomy":"product_tag","embeddable":true,"href":"https:\/\/secureus.se\/de\/wp-json\/wp\/v2\/product_tag?post=115560"}],"curies":[{"name":"wp","href":"https:\/\/api.w.org\/{rel}","templated":true}]}}