{"id":115607,"date":"2024-11-20T14:14:36","date_gmt":"2024-11-20T13:14:36","guid":{"rendered":"https:\/\/secureus.se\/?post_type=product&#038;p=115607"},"modified":"2026-01-12T12:51:52","modified_gmt":"2026-01-12T11:51:52","slug":"namnskylt-set-40x105-nal-klamma-a4-etikettark","status":"publish","type":"product","link":"https:\/\/secureus.se\/de\/namnskylt-set-40x105-nal-klamma-a4-etikettark\/","title":{"rendered":"Namensschild-SET 40\u00d7105, Stift\/Clip + A4-Beschriftungsbogen"},"content":{"rendered":"<p>Tagungsteilnehmer, Besucher von Unternehmen, Mitarbeiter auf Messen, in Gesch\u00e4ften, Dienstleistungsberufe und Verk\u00e4ufer \u2013 die Liste l\u00e4sst sich erweitern, wo Bedarf an Namensschildern in unterschiedlichen Gr\u00f6\u00dfen, Designs und Befestigungsm\u00f6glichkeiten besteht. Komplettes Set mit extra breitem Namensschild 40\u00d7105 mm, das viel Platz f\u00fcr Name und Logo bietet. Erleichtert das Abstandhalten, da die Lesbarkeit auch aus der Ferne gew\u00e4hrleistet ist. Mit der Kombiklemme haben Sie die M\u00f6glichkeit, wie das Schild befestigt werden soll. Im Lieferumfang sind 3 A4-Bl\u00e4tter mit wei\u00dfen Etiketten zum Bedrucken im Laser-, Tintenstrahldrucker oder Kopierer enthalten. Verwenden Sie das kostenlose Programm DURAPRINT\u00ae, das unter www.duraprint.se verf\u00fcgbar ist, um stilvolle Namensschilder zu erstellen und zu drucken.<\/p>","protected":false},"excerpt":{"rendered":"<p>Kompletter Satz A4-Etikettenb\u00f6gen f\u00fcr den Druckerdruck. 14 Namensschilder, die mit einer Sicherheitsnadel oder einem Clip befestigt werden k\u00f6nnen. Extra breit f\u00fcr gute Lesbarkeit aus gro\u00dfer Entfernung. <\/p>","protected":false},"featured_media":133559,"template":"","meta":{"_acf_changed":false},"product_brand":[],"product_cat":[4275],"product_tag":[],"class_list":{"0":"post-115607","1":"product","2":"type-product","3":"status-publish","4":"has-post-thumbnail","6":"product_cat-namnskyltar-kompletta-set","7":"product_shipping_class-tunga-paket","8":"pa_brands-durable","9":"tm-no-options","11":"first","12":"instock","13":"sale","14":"taxable","15":"shipping-taxable","16":"purchasable","17":"product-type-simple"},"acf":[],"_links":{"self":[{"href":"https:\/\/secureus.se\/de\/wp-json\/wp\/v2\/product\/115607","targetHints":{"allow":["GET"]}}],"collection":[{"href":"https:\/\/secureus.se\/de\/wp-json\/wp\/v2\/product"}],"about":[{"href":"https:\/\/secureus.se\/de\/wp-json\/wp\/v2\/types\/product"}],"wp:featuredmedia":[{"embeddable":true,"href":"https:\/\/secureus.se\/de\/wp-json\/wp\/v2\/media\/133559"}],"wp:attachment":[{"href":"https:\/\/secureus.se\/de\/wp-json\/wp\/v2\/media?parent=115607"}],"wp:term":[{"taxonomy":"product_brand","embeddable":true,"href":"https:\/\/secureus.se\/de\/wp-json\/wp\/v2\/product_brand?post=115607"},{"taxonomy":"product_cat","embeddable":true,"href":"https:\/\/secureus.se\/de\/wp-json\/wp\/v2\/product_cat?post=115607"},{"taxonomy":"product_tag","embeddable":true,"href":"https:\/\/secureus.se\/de\/wp-json\/wp\/v2\/product_tag?post=115607"}],"curies":[{"name":"wp","href":"https:\/\/api.w.org\/{rel}","templated":true}]}}