{"id":115609,"date":"2024-11-20T14:17:33","date_gmt":"2024-11-20T13:17:33","guid":{"rendered":"https:\/\/secureus.se\/?post_type=product&#038;p=115609"},"modified":"2026-01-12T12:46:22","modified_gmt":"2026-01-12T11:46:22","slug":"scanfix-30-5-pack","status":"publish","type":"product","link":"https:\/\/secureus.se\/de\/scanfix-30-5-pack\/","title":{"rendered":"SCANFIX\u00ae 30 5er-Pack"},"content":{"rendered":"<p>Selbstklebender Etikettenhalter SCANFIX\u00ae zum Beschriften und Scannen von z. B. Preisen und Barcodes an Regalkanten, Palettenregalen und Lagerboxen. Wei\u00dfe Etiketten sind im Lieferumfang enthalten und der Halter kann auf die gew\u00fcnschte L\u00e4nge zugeschnitten werden. Oben und an der Seite offen, sodass sie f\u00fcr Etiketten geeignet sind, die h\u00e4ufig gewechselt werden m\u00fcssen. Kostenlose Vorlagen zum Entwerfen und Drucken stilvoller Etiketten finden Sie unter www.duraprint.se. Abmessungen: 200 x 30 mm (BxH)<br \/>\nZubeh\u00f6r:<br \/>\nZus\u00e4tzliche Etiketten auf A5-Bl\u00e4ttern zum Ausdrucken im Drucker, Art.-Nr. 804102<\/p>","protected":false},"excerpt":{"rendered":"<p>Selbstklebender, scannbarer Etikettenhalter zur Beschriftung von z.B. Regalkanten. Oben und seitlich offen. Schreibh\u00f6he 3 cm, L\u00e4nge 20 cm.<\/p>","protected":false},"featured_media":133550,"template":"","meta":{"_acf_changed":false},"product_brand":[],"product_cat":[4312],"product_tag":[4376],"class_list":{"0":"post-115609","1":"product","2":"type-product","3":"status-publish","4":"has-post-thumbnail","6":"product_cat-etikettremsor-skanningsbara","7":"product_tag-transparent","8":"product_shipping_class-tunga-paket","9":"pa_brands-durable","10":"pa_farg-transparent","11":"tm-no-options","13":"first","14":"instock","15":"sale","16":"taxable","17":"shipping-taxable","18":"purchasable","19":"product-type-simple"},"acf":[],"_links":{"self":[{"href":"https:\/\/secureus.se\/de\/wp-json\/wp\/v2\/product\/115609","targetHints":{"allow":["GET"]}}],"collection":[{"href":"https:\/\/secureus.se\/de\/wp-json\/wp\/v2\/product"}],"about":[{"href":"https:\/\/secureus.se\/de\/wp-json\/wp\/v2\/types\/product"}],"wp:featuredmedia":[{"embeddable":true,"href":"https:\/\/secureus.se\/de\/wp-json\/wp\/v2\/media\/133550"}],"wp:attachment":[{"href":"https:\/\/secureus.se\/de\/wp-json\/wp\/v2\/media?parent=115609"}],"wp:term":[{"taxonomy":"product_brand","embeddable":true,"href":"https:\/\/secureus.se\/de\/wp-json\/wp\/v2\/product_brand?post=115609"},{"taxonomy":"product_cat","embeddable":true,"href":"https:\/\/secureus.se\/de\/wp-json\/wp\/v2\/product_cat?post=115609"},{"taxonomy":"product_tag","embeddable":true,"href":"https:\/\/secureus.se\/de\/wp-json\/wp\/v2\/product_tag?post=115609"}],"curies":[{"name":"wp","href":"https:\/\/api.w.org\/{rel}","templated":true}]}}