{"id":115619,"date":"2024-11-20T14:41:22","date_gmt":"2024-11-20T13:41:22","guid":{"rendered":"https:\/\/secureus.se\/?post_type=product&#038;p=115619"},"modified":"2026-01-12T12:29:02","modified_gmt":"2026-01-12T11:29:02","slug":"magnetram-duraframe-magnetic-note-a4","status":"publish","type":"product","link":"https:\/\/secureus.se\/de\/magnetram-duraframe-magnetic-note-a4\/","title":{"rendered":"Magnetrahmen DURAFRAME\u00ae MAGNETIC NOTE A4"},"content":{"rendered":"<p>Nutzen Sie den magnethaftenden Informationsrahmen DURAFRAME\u00ae MAGNETIC NOTE z.B. f\u00fcr Checklisten, bei denen Notizen direkt auf dem Papier gemacht werden m\u00fcssen.<br \/>\nEinfaches Einf\u00fcgen oder \u00c4ndern von Nachrichten durch Anheben der Vorderseite mit Magnetverschluss an allen drei zu \u00f6ffnenden Seiten. Auf der R\u00fcckseite der unteren Kunststoffplatte sind rund um den gesamten Rahmen Magnetstreifen angebracht, die beispielsweise an Whiteboards, Schlie\u00dff\u00e4chern und Metallw\u00e4nden angebracht werden k\u00f6nnen.<br \/>\nH\u00e4lt bis zu 5 80-g-A4-Bl\u00e4tter wie Reinigungspl\u00e4ne, Registrierungslisten oder Wartungskontrollen, bei denen Sie Notizen direkt auf dem Blatt machen m\u00fcssen. Stifthalter auf einer Seite.<br \/>\nVerpackung mit 1 Stk.<\/p>","protected":false},"excerpt":{"rendered":"<p>Magnetischer Rahmen f\u00fcr Notizen direkt auf dem Papier. Zur Verwendung auf Metalloberfl\u00e4chen.<\/p>","protected":false},"featured_media":133109,"template":"","meta":{"_acf_changed":false},"product_brand":[],"product_cat":[4295],"product_tag":[4382],"class_list":{"0":"post-115619","1":"product","2":"type-product","3":"status-publish","4":"has-post-thumbnail","6":"product_cat-inforamar-for-metallytor","7":"product_tag-silver","8":"product_shipping_class-tunga-paket","9":"pa_brands-durable","10":"pa_farg-silver","11":"tm-no-options","13":"first","14":"instock","15":"sale","16":"taxable","17":"shipping-taxable","18":"purchasable","19":"product-type-simple"},"acf":[],"_links":{"self":[{"href":"https:\/\/secureus.se\/de\/wp-json\/wp\/v2\/product\/115619","targetHints":{"allow":["GET"]}}],"collection":[{"href":"https:\/\/secureus.se\/de\/wp-json\/wp\/v2\/product"}],"about":[{"href":"https:\/\/secureus.se\/de\/wp-json\/wp\/v2\/types\/product"}],"wp:featuredmedia":[{"embeddable":true,"href":"https:\/\/secureus.se\/de\/wp-json\/wp\/v2\/media\/133109"}],"wp:attachment":[{"href":"https:\/\/secureus.se\/de\/wp-json\/wp\/v2\/media?parent=115619"}],"wp:term":[{"taxonomy":"product_brand","embeddable":true,"href":"https:\/\/secureus.se\/de\/wp-json\/wp\/v2\/product_brand?post=115619"},{"taxonomy":"product_cat","embeddable":true,"href":"https:\/\/secureus.se\/de\/wp-json\/wp\/v2\/product_cat?post=115619"},{"taxonomy":"product_tag","embeddable":true,"href":"https:\/\/secureus.se\/de\/wp-json\/wp\/v2\/product_tag?post=115619"}],"curies":[{"name":"wp","href":"https:\/\/api.w.org\/{rel}","templated":true}]}}