{"id":115636,"date":"2024-11-20T14:14:37","date_gmt":"2024-11-20T13:14:37","guid":{"rendered":"https:\/\/secureus.se\/?post_type=product&#038;p=115636"},"modified":"2026-01-12T12:03:52","modified_gmt":"2026-01-12T11:03:52","slug":"pallficka-a4l-vikbar-kant-2","status":"publish","type":"product","link":"https:\/\/secureus.se\/de\/pallficka-a4l-vikbar-kant-2\/","title":{"rendered":"Palettentasche A4L mit Falzkante"},"content":{"rendered":"<p>Eine eindeutige und umfassende Kennzeichnung von Palettenaufsatzrahmen, Paletten und Kartons verbessert und rationalisiert den Arbeitsprozess in Lagern und Produktionsst\u00e4tten. Diese Kunststofftaschen aus strapazierf\u00e4higem Polypropylen sind scanbar und sch\u00fctzen die Wechseleins\u00e4tze vor Schmutz und Abnutzung. Die Taschen werden flach geliefert und k\u00f6nnen f\u00fcr zwei verschiedene Funktionen gefaltet werden. Durch einmaliges Falten entsteht eine um 90\u00b0 abgewinkelte Tasche, die zwischen gestapelten Kartons eingesetzt werden kann. Es muss nichts auf den Karton geklebt werden und die Tasche wird durch das Gewicht des dar\u00fcber liegenden Kartons an Ort und Stelle gehalten. Durch zweimaliges Falten entsteht eine gebogene Tasche, die beispielsweise \u00fcber Palettenaufsatzkanten mit einer maximalen Breite von 22 mm geh\u00e4ngt werden kann. Eine kostenlose Vorlage f\u00fcr das Etikett finden Sie unter www.duraprint.se.<br \/>\nInnenma\u00dfe: A4L (297 x 210 mm B x H)<br \/>\nAu\u00dfenma\u00dfe: 317 x 321 mm B x H<br \/>\nZubeh\u00f6r: Etiketten auf A4-Bl\u00e4ttern, Art.-Nr. Nr. 485602<\/p>","protected":false},"excerpt":{"rendered":"<p>Palettentasche zur Kennzeichnung von Palettenrahmen und Kartons. W\u00e4hlen Sie, ob Sie die Tasche zwischen gestapelte Kartons kleben oder \u00fcber den Palettenrand h\u00e4ngen m\u00f6chten.<\/p>","protected":false},"featured_media":133888,"template":"","meta":{"_acf_changed":false},"product_brand":[],"product_cat":[4306],"product_tag":[4387],"class_list":{"0":"post-115636","1":"product","2":"type-product","3":"status-publish","4":"has-post-thumbnail","6":"product_cat-markning-pallstall","7":"product_tag-bla","8":"product_shipping_class-tunga-paket","9":"pa_brands-durable","10":"pa_farg-bla","11":"tm-no-options","13":"first","14":"instock","15":"sale","16":"taxable","17":"shipping-taxable","18":"purchasable","19":"product-type-simple"},"acf":[],"_links":{"self":[{"href":"https:\/\/secureus.se\/de\/wp-json\/wp\/v2\/product\/115636","targetHints":{"allow":["GET"]}}],"collection":[{"href":"https:\/\/secureus.se\/de\/wp-json\/wp\/v2\/product"}],"about":[{"href":"https:\/\/secureus.se\/de\/wp-json\/wp\/v2\/types\/product"}],"wp:featuredmedia":[{"embeddable":true,"href":"https:\/\/secureus.se\/de\/wp-json\/wp\/v2\/media\/133888"}],"wp:attachment":[{"href":"https:\/\/secureus.se\/de\/wp-json\/wp\/v2\/media?parent=115636"}],"wp:term":[{"taxonomy":"product_brand","embeddable":true,"href":"https:\/\/secureus.se\/de\/wp-json\/wp\/v2\/product_brand?post=115636"},{"taxonomy":"product_cat","embeddable":true,"href":"https:\/\/secureus.se\/de\/wp-json\/wp\/v2\/product_cat?post=115636"},{"taxonomy":"product_tag","embeddable":true,"href":"https:\/\/secureus.se\/de\/wp-json\/wp\/v2\/product_tag?post=115636"}],"curies":[{"name":"wp","href":"https:\/\/api.w.org\/{rel}","templated":true}]}}