{"id":115647,"date":"2024-11-20T14:14:57","date_gmt":"2024-11-20T13:14:57","guid":{"rendered":"https:\/\/secureus.se\/?post_type=product&#038;p=115647"},"modified":"2026-01-12T12:03:56","modified_gmt":"2026-01-12T11:03:56","slug":"pallfotsficka-145-x-75-mm","status":"publish","type":"product","link":"https:\/\/secureus.se\/de\/pallfotsficka-145-x-75-mm\/","title":{"rendered":"Fu\u00dftasche 145 x 75 mm"},"content":{"rendered":"<p>Eine klare und umfassende Kennzeichnung von Paletten verbessert und rationalisiert den Arbeitsprozess in Lagern und Produktionsst\u00e4tten. Diese mit einem Scanner auslesbaren Kunststofftaschen aus strapazierf\u00e4higem Polypropylen sch\u00fctzen die Wechseleins\u00e4tze vor Schmutz und Abnutzung und erm\u00f6glichen gleichzeitig eine einfache Identifizierung der Paletten. Das Banner wird um den Fu\u00df der Palette gelegt und mit einem Klettverschluss verschlossen. Taschen mit Daumengriffen an allen vier Seiten erleichtern das Entfernen und Ersetzen des Etiketts. Eine kostenlose Vorlage f\u00fcr das Etikett finden Sie unter www.duraprint.se<br \/>\nInnenma\u00dfe: 140 x 65\/90 x 65 (BxH)<br \/>\nAu\u00dfenma\u00dfe: 596 x 75 x 0,8 mm (BxHxT)<br \/>\nZubeh\u00f6r: Etiketten auf A4-Bl\u00e4ttern, Art.-Nr. Nr. 101002<\/p>","protected":false},"excerpt":{"rendered":"<p>Palettenfu\u00dftasche zum Markieren von Paletten. Wird mit Klettverschluss um den Fu\u00df der Palette befestigt.<\/p>","protected":false},"featured_media":133551,"template":"","meta":{"_acf_changed":false},"product_brand":[],"product_cat":[4306],"product_tag":[4395],"class_list":{"0":"post-115647","1":"product","2":"type-product","3":"status-publish","4":"has-post-thumbnail","6":"product_cat-markning-pallstall","7":"product_tag-gul","8":"product_shipping_class-tunga-paket","9":"pa_brands-durable","10":"pa_farg-gul","11":"tm-no-options","13":"first","14":"instock","15":"sale","16":"taxable","17":"shipping-taxable","18":"purchasable","19":"product-type-simple"},"acf":[],"_links":{"self":[{"href":"https:\/\/secureus.se\/de\/wp-json\/wp\/v2\/product\/115647","targetHints":{"allow":["GET"]}}],"collection":[{"href":"https:\/\/secureus.se\/de\/wp-json\/wp\/v2\/product"}],"about":[{"href":"https:\/\/secureus.se\/de\/wp-json\/wp\/v2\/types\/product"}],"wp:featuredmedia":[{"embeddable":true,"href":"https:\/\/secureus.se\/de\/wp-json\/wp\/v2\/media\/133551"}],"wp:attachment":[{"href":"https:\/\/secureus.se\/de\/wp-json\/wp\/v2\/media?parent=115647"}],"wp:term":[{"taxonomy":"product_brand","embeddable":true,"href":"https:\/\/secureus.se\/de\/wp-json\/wp\/v2\/product_brand?post=115647"},{"taxonomy":"product_cat","embeddable":true,"href":"https:\/\/secureus.se\/de\/wp-json\/wp\/v2\/product_cat?post=115647"},{"taxonomy":"product_tag","embeddable":true,"href":"https:\/\/secureus.se\/de\/wp-json\/wp\/v2\/product_tag?post=115647"}],"curies":[{"name":"wp","href":"https:\/\/api.w.org\/{rel}","templated":true}]}}