{"id":115659,"date":"2024-11-20T14:41:47","date_gmt":"2024-11-20T13:41:47","guid":{"rendered":"https:\/\/secureus.se\/?post_type=product&#038;p=115659"},"modified":"2026-01-12T12:56:16","modified_gmt":"2026-01-12T11:56:16","slug":"magnetram-duraframe-magnetic-security-a4-2","status":"publish","type":"product","link":"https:\/\/secureus.se\/de\/magnetram-duraframe-magnetic-security-a4-2\/","title":{"rendered":"Magnetrahmen DURAFRAME\u00ae MAGNETIC SECURITY A4"},"content":{"rendered":"<p>Verwenden Sie den magnethaftenden Inforahmen DURAFRAME\u00ae MAGNETIC SECURITY, um tempor\u00e4re oder dauerhaftere Sicherheits- und Warninformationen professionell, schnell und einfach anzuzeigen. Legen Sie die Schutzfolie mit Magnet um den gesamten Rand des Rahmens \u00fcber das Dokument und befestigen Sie sie z. B. an Whiteboards, Umkleideschr\u00e4nken und Metallw\u00e4nden. Klar! Saubere und einfachere Handhabung als z.B. Klebeband.<br \/>\nF\u00fcr Dokumente im A4-Format. Kann im Hoch- oder Querformat verwendet werden. Au\u00dfenma\u00dfe 236\u00d7323 mm. Die Farben Gr\u00fcn\/Wei\u00df signalisieren Erste-Hilfe- und Evakuierungskarten gem\u00e4\u00df ISO 3864-4 f\u00fcr Sicherheitsfarben.<br \/>\nVerpackung mit 5 St\u00fcck.<\/p>","protected":false},"excerpt":{"rendered":"<p>Magnetrahmen in Warnfarben zur \u00fcbersichtlichen Darstellung wichtiger Sicherheitsinformationen, Hinweise und Warnungen.<\/p>","protected":false},"featured_media":133410,"template":"","meta":{"_acf_changed":false},"product_brand":[],"product_cat":[4295],"product_tag":[4391],"class_list":{"0":"post-115659","1":"product","2":"type-product","3":"status-publish","4":"has-post-thumbnail","6":"product_cat-inforamar-for-metallytor","7":"product_tag-rod-vit","8":"product_shipping_class-tunga-paket","9":"pa_brands-durable","10":"pa_farg-rod-vit","11":"tm-no-options","13":"first","14":"instock","15":"sale","16":"taxable","17":"shipping-taxable","18":"purchasable","19":"product-type-simple"},"acf":[],"_links":{"self":[{"href":"https:\/\/secureus.se\/de\/wp-json\/wp\/v2\/product\/115659","targetHints":{"allow":["GET"]}}],"collection":[{"href":"https:\/\/secureus.se\/de\/wp-json\/wp\/v2\/product"}],"about":[{"href":"https:\/\/secureus.se\/de\/wp-json\/wp\/v2\/types\/product"}],"wp:featuredmedia":[{"embeddable":true,"href":"https:\/\/secureus.se\/de\/wp-json\/wp\/v2\/media\/133410"}],"wp:attachment":[{"href":"https:\/\/secureus.se\/de\/wp-json\/wp\/v2\/media?parent=115659"}],"wp:term":[{"taxonomy":"product_brand","embeddable":true,"href":"https:\/\/secureus.se\/de\/wp-json\/wp\/v2\/product_brand?post=115659"},{"taxonomy":"product_cat","embeddable":true,"href":"https:\/\/secureus.se\/de\/wp-json\/wp\/v2\/product_cat?post=115659"},{"taxonomy":"product_tag","embeddable":true,"href":"https:\/\/secureus.se\/de\/wp-json\/wp\/v2\/product_tag?post=115659"}],"curies":[{"name":"wp","href":"https:\/\/api.w.org\/{rel}","templated":true}]}}