{"id":115676,"date":"2024-11-20T14:15:55","date_gmt":"2024-11-20T13:15:55","guid":{"rendered":"https:\/\/secureus.se\/?post_type=product&#038;p=115676"},"modified":"2026-01-12T12:05:00","modified_gmt":"2026-01-12T11:05:00","slug":"plastficka-a4s-magnetisk-2","status":"publish","type":"product","link":"https:\/\/secureus.se\/de\/plastficka-a4s-magnetisk-2\/","title":{"rendered":"Kunststoffh\u00fclle A4S magnetisch"},"content":{"rendered":"<p>Eine klare und umfassende Kennzeichnung von Regalen, Schr\u00e4nken, T\u00fcren, Beh\u00e4ltern und anderen R\u00e4umen verbessert und rationalisiert den Arbeitsprozess in Lagern und Produktionsst\u00e4tten. Die magnetischen Kunststofftaschen aus robustem Polypropylen sind mit einem Scanner lesbar und sch\u00fctzen die Wechseleins\u00e4tze vor Verschmutzung. Zwei Magnetstreifen auf der R\u00fcckseite halten die Tasche fest an ihrem Platz. Eine kostenlose Vorlage f\u00fcr das Etikett finden Sie unter www.duraprint.se.<br \/>\nInnenma\u00dfe: A4S (210\u00d7297 mm B x H)<br \/>\nAu\u00dfenma\u00dfe: 233\u00d7313 mm (B x H)<br \/>\nZubeh\u00f6r: Etiketten auf A4-Bl\u00e4ttern, Art.-Nr. Nr. 485602<\/p>","protected":false},"excerpt":{"rendered":"<p>Kunststofftasche mit zwei Magnetstreifen auf der R\u00fcckseite. Zur Verwendung auf Metalloberfl\u00e4chen wie Lagerregalen, Metallw\u00e4nden und Metallbeh\u00e4ltern.<\/p>","protected":false},"featured_media":133647,"template":"","meta":{"_acf_changed":false},"product_brand":[],"product_cat":[4306],"product_tag":[4395],"class_list":{"0":"post-115676","1":"product","2":"type-product","3":"status-publish","4":"has-post-thumbnail","6":"product_cat-markning-pallstall","7":"product_tag-gul","8":"product_shipping_class-tunga-paket","9":"pa_brands-durable","10":"pa_farg-gul","11":"tm-no-options","13":"first","14":"instock","15":"sale","16":"taxable","17":"shipping-taxable","18":"purchasable","19":"product-type-simple"},"acf":[],"_links":{"self":[{"href":"https:\/\/secureus.se\/de\/wp-json\/wp\/v2\/product\/115676","targetHints":{"allow":["GET"]}}],"collection":[{"href":"https:\/\/secureus.se\/de\/wp-json\/wp\/v2\/product"}],"about":[{"href":"https:\/\/secureus.se\/de\/wp-json\/wp\/v2\/types\/product"}],"wp:featuredmedia":[{"embeddable":true,"href":"https:\/\/secureus.se\/de\/wp-json\/wp\/v2\/media\/133647"}],"wp:attachment":[{"href":"https:\/\/secureus.se\/de\/wp-json\/wp\/v2\/media?parent=115676"}],"wp:term":[{"taxonomy":"product_brand","embeddable":true,"href":"https:\/\/secureus.se\/de\/wp-json\/wp\/v2\/product_brand?post=115676"},{"taxonomy":"product_cat","embeddable":true,"href":"https:\/\/secureus.se\/de\/wp-json\/wp\/v2\/product_cat?post=115676"},{"taxonomy":"product_tag","embeddable":true,"href":"https:\/\/secureus.se\/de\/wp-json\/wp\/v2\/product_tag?post=115676"}],"curies":[{"name":"wp","href":"https:\/\/api.w.org\/{rel}","templated":true}]}}