{"id":115685,"date":"2024-11-20T14:15:57","date_gmt":"2024-11-20T13:15:57","guid":{"rendered":"https:\/\/secureus.se\/?post_type=product&#038;p=115685"},"modified":"2026-01-12T12:05:46","modified_gmt":"2026-01-12T11:05:46","slug":"plastficka-a4s-med-tradbygel","status":"publish","type":"product","link":"https:\/\/secureus.se\/de\/plastficka-a4s-med-tradbygel\/","title":{"rendered":"Kunststoffh\u00fclle A4S mit Drahtklammer"},"content":{"rendered":"<p>Eine klare und \u00fcbersichtliche Kennzeichnung von Beh\u00e4ltern, Palettenaufsatzrahmen, Palettenboxen und Gitterw\u00e4nden verbessert und rationalisiert den Arbeitsprozess in Lagern und Produktionsst\u00e4tten. Die Kunststofftaschen aus strapazierf\u00e4higem Polypropylen k\u00f6nnen mit einem Scanner gelesen werden. Durch eine Abdeckung ist das Inlay auch im Au\u00dfenbereich vor Schmutz und Feuchtigkeit gesch\u00fctzt. Wird mit einem verzinkten, flexiblen Drahtclip befestigt. Eine kostenlose Vorlage f\u00fcr das Etikett finden Sie unter www.duraprint.se.<br \/>\nInnenma\u00dfe: A4S (210\u00d7297 mm B x H)<br \/>\nAu\u00dfenma\u00dfe: 223x368mm (B x H)<br \/>\nAu\u00dfenma\u00dfe mit Stahldraht: 329\u00d7376 mm (B x H)<br \/>\nZubeh\u00f6r: Etiketten auf A4-Bl\u00e4ttern, Art.-Nr. Nr. 485652<\/p>","protected":false},"excerpt":{"rendered":"<p>Kunststofftasche mit Drahtaufh\u00e4nger zur Verwendung z. B. an Netzen, Palettenrahmen, Palettenboxen. Mit einer Schutzh\u00fclle \u00fcber der \u00d6ffnung.<\/p>","protected":false},"featured_media":133728,"template":"","meta":{"_acf_changed":false},"product_brand":[],"product_cat":[4306],"product_tag":[4395],"class_list":{"0":"post-115685","1":"product","2":"type-product","3":"status-publish","4":"has-post-thumbnail","6":"product_cat-markning-pallstall","7":"product_tag-gul","8":"product_shipping_class-tunga-paket","9":"pa_brands-durable","10":"pa_farg-gul","11":"tm-no-options","13":"first","14":"instock","15":"sale","16":"taxable","17":"shipping-taxable","18":"purchasable","19":"product-type-simple"},"acf":[],"_links":{"self":[{"href":"https:\/\/secureus.se\/de\/wp-json\/wp\/v2\/product\/115685","targetHints":{"allow":["GET"]}}],"collection":[{"href":"https:\/\/secureus.se\/de\/wp-json\/wp\/v2\/product"}],"about":[{"href":"https:\/\/secureus.se\/de\/wp-json\/wp\/v2\/types\/product"}],"wp:featuredmedia":[{"embeddable":true,"href":"https:\/\/secureus.se\/de\/wp-json\/wp\/v2\/media\/133728"}],"wp:attachment":[{"href":"https:\/\/secureus.se\/de\/wp-json\/wp\/v2\/media?parent=115685"}],"wp:term":[{"taxonomy":"product_brand","embeddable":true,"href":"https:\/\/secureus.se\/de\/wp-json\/wp\/v2\/product_brand?post=115685"},{"taxonomy":"product_cat","embeddable":true,"href":"https:\/\/secureus.se\/de\/wp-json\/wp\/v2\/product_cat?post=115685"},{"taxonomy":"product_tag","embeddable":true,"href":"https:\/\/secureus.se\/de\/wp-json\/wp\/v2\/product_tag?post=115685"}],"curies":[{"name":"wp","href":"https:\/\/api.w.org\/{rel}","templated":true}]}}