{"id":115692,"date":"2024-11-20T13:58:42","date_gmt":"2024-11-20T12:58:42","guid":{"rendered":"https:\/\/secureus.se\/?post_type=product&#038;p=115692"},"modified":"2026-01-12T12:57:32","modified_gmt":"2026-01-12T11:57:32","slug":"inforam-sjalvhaftande-duraframe-security-a4-3","status":"publish","type":"product","link":"https:\/\/secureus.se\/de\/inforam-sjalvhaftande-duraframe-security-a4-3\/","title":{"rendered":"Selbstklebender Inforahmen DURAFRAME\u00ae SECURITY A4"},"content":{"rendered":"<p>Mit den selbstklebenden DURAFRAME\u00ae SECURITY-Inforahmen k\u00f6nnen Sie tempor\u00e4re oder dauerhaftere Sicherheits- und Warnhinweise professionell, schnell und einfach anbringen. Schutzpapier abziehen \u2013 Duraframe aufkleben \u2013 Vorderseite mit Magnetverschluss anheben \u2013 ein oder zwei Bl\u00e4tter einlegen \u2013 Vorderseite nach unten klappen \u2013 fertig! Einfacher Aufbau \u2013 ohne Werkzeug oder sonstiges Zubeh\u00f6r \u2013 auf festen und glatten Oberfl\u00e4chen. Saubere und einfachere Handhabung als beispielsweise Klebeband, Heftklammern oder Heftklammern. Dank Magneten an allen drei zu \u00f6ffnenden Seiten bleibt der Einsatz sowohl im Hoch- als auch im Querformat sicher an Ort und Stelle. Der Rahmen sieht auf der Vorder- und R\u00fcckseite gleich aus, was sich hervorragend eignet, wenn er f\u00fcr eine doppelseitige Botschaft auf Glasscheiben platziert wird. Es ist von Glasscheiben abnehmbar. Bei der Demontage des Rahmens k\u00f6nnen lackierte, beschichtete oder laminierte Oberfl\u00e4chen besch\u00e4digt werden.<br \/>\nF\u00fcr Dokumente im A4-Format. Au\u00dfenma\u00dfe 236\u00d7323 mm. Die Farben Rot\/Wei\u00df signalisieren Brandschutzhinweise gem\u00e4\u00df ISO 3864-4 f\u00fcr Sicherheitsfarben.<br \/>\nVerpackung mit 2 Stk.<\/p>","protected":false},"excerpt":{"rendered":"<p>Selbstklebender Inforahmen zur \u00fcbersichtlichen Darstellung wichtiger Sicherheitsinformationen, Hinweise und Warnungen. Vorderseite mit Magnetverschluss f\u00fcr einfachen Inlay-Wechsel. <\/p>","protected":false},"featured_media":134676,"template":"","meta":{"_acf_changed":false},"product_brand":[],"product_cat":[4296],"product_tag":[4379],"class_list":{"0":"post-115692","1":"product","2":"type-product","3":"status-publish","4":"has-post-thumbnail","6":"product_cat-inforamar-for-slata-ytor","7":"product_tag-gron-vit","8":"product_shipping_class-tunga-paket","9":"pa_brands-durable","10":"pa_farg-gron-vit","11":"tm-no-options","13":"first","14":"instock","15":"sale","16":"taxable","17":"shipping-taxable","18":"purchasable","19":"product-type-simple"},"acf":[],"_links":{"self":[{"href":"https:\/\/secureus.se\/de\/wp-json\/wp\/v2\/product\/115692","targetHints":{"allow":["GET"]}}],"collection":[{"href":"https:\/\/secureus.se\/de\/wp-json\/wp\/v2\/product"}],"about":[{"href":"https:\/\/secureus.se\/de\/wp-json\/wp\/v2\/types\/product"}],"wp:featuredmedia":[{"embeddable":true,"href":"https:\/\/secureus.se\/de\/wp-json\/wp\/v2\/media\/134676"}],"wp:attachment":[{"href":"https:\/\/secureus.se\/de\/wp-json\/wp\/v2\/media?parent=115692"}],"wp:term":[{"taxonomy":"product_brand","embeddable":true,"href":"https:\/\/secureus.se\/de\/wp-json\/wp\/v2\/product_brand?post=115692"},{"taxonomy":"product_cat","embeddable":true,"href":"https:\/\/secureus.se\/de\/wp-json\/wp\/v2\/product_cat?post=115692"},{"taxonomy":"product_tag","embeddable":true,"href":"https:\/\/secureus.se\/de\/wp-json\/wp\/v2\/product_tag?post=115692"}],"curies":[{"name":"wp","href":"https:\/\/api.w.org\/{rel}","templated":true}]}}