{"id":115732,"date":"2024-11-05T17:26:07","date_gmt":"2024-11-05T16:26:07","guid":{"rendered":"https:\/\/secureus.se\/?post_type=product&#038;p=115732"},"modified":"2026-01-12T12:36:37","modified_gmt":"2026-01-12T11:36:37","slug":"sherpa-panel-a5","status":"publish","type":"product","link":"https:\/\/secureus.se\/de\/sherpa-panel-a5\/","title":{"rendered":"SHERPA\u00ae PANEL A5"},"content":{"rendered":"<p>Entspiegelte, scanbare H\u00fcllen mit farbigem Rahmen f\u00fcr Dokumente im A5-Format wie Preislisten, Notizen etc., die gesch\u00fctzt in der Tasche aufbewahrt werden. Zur Verwendung in \u00dcbersichtssystemen mit im Halter integrierten Spikes. \u00d6ffnung oben zum Wechseln von Dokumenten. Aus Polypropylen-Kunststoff. SHERPA\u00ae PANEL ist der Rahmen, der in den Komplettsets der Serien SHERPA\u00b0 und VARIO\u00b0 von DURABLE enthalten ist. Der Mindesteinkauf betr\u00e4gt eine Packung mit 5 Paneelen. 5 Jahre Garantie. Die Garantiebedingungen finden Sie hier: https:\/\/www.durable.se\/sv_SE\/service\/garanti\/garanti-foer-sherpa-vario\/<br \/>\nZubeh\u00f6r: Kopfhalter Artikelnummer 560919 oder 560319<\/p>","protected":false},"excerpt":{"rendered":"<p>Kunststoffh\u00fclle im A5-Format mit farbigem Rahmen. Geeignet f\u00fcr Tische und Wandst\u00e4nder, bei denen die Spikes in die Halterung integriert sind.<\/p>","protected":false},"featured_media":135753,"template":"","meta":{"_acf_changed":false},"product_brand":[],"product_cat":[4301],"product_tag":[4381],"class_list":{"0":"post-115732","1":"product","2":"type-product","3":"status-publish","4":"has-post-thumbnail","6":"product_cat-tillbehor-till-bladderpanelsystem","7":"product_tag-svart","8":"product_shipping_class-tunga-paket","9":"pa_brands-durable","10":"pa_farg-svart","11":"tm-no-options","13":"first","14":"instock","15":"sale","16":"taxable","17":"shipping-taxable","18":"purchasable","19":"product-type-simple"},"acf":[],"_links":{"self":[{"href":"https:\/\/secureus.se\/de\/wp-json\/wp\/v2\/product\/115732","targetHints":{"allow":["GET"]}}],"collection":[{"href":"https:\/\/secureus.se\/de\/wp-json\/wp\/v2\/product"}],"about":[{"href":"https:\/\/secureus.se\/de\/wp-json\/wp\/v2\/types\/product"}],"wp:featuredmedia":[{"embeddable":true,"href":"https:\/\/secureus.se\/de\/wp-json\/wp\/v2\/media\/135753"}],"wp:attachment":[{"href":"https:\/\/secureus.se\/de\/wp-json\/wp\/v2\/media?parent=115732"}],"wp:term":[{"taxonomy":"product_brand","embeddable":true,"href":"https:\/\/secureus.se\/de\/wp-json\/wp\/v2\/product_brand?post=115732"},{"taxonomy":"product_cat","embeddable":true,"href":"https:\/\/secureus.se\/de\/wp-json\/wp\/v2\/product_cat?post=115732"},{"taxonomy":"product_tag","embeddable":true,"href":"https:\/\/secureus.se\/de\/wp-json\/wp\/v2\/product_tag?post=115732"}],"curies":[{"name":"wp","href":"https:\/\/api.w.org\/{rel}","templated":true}]}}