{"id":115737,"date":"2024-11-20T14:11:40","date_gmt":"2024-11-20T13:11:40","guid":{"rendered":"https:\/\/secureus.se\/?post_type=product&#038;p=115737"},"modified":"2026-01-12T12:44:07","modified_gmt":"2026-01-12T11:44:07","slug":"namnskylt-30x60-nalfaste","status":"publish","type":"product","link":"https:\/\/secureus.se\/de\/namnskylt-30x60-nalfaste\/","title":{"rendered":"Namensschild 30\u00d760, Stiftmontage"},"content":{"rendered":"<p>Konferenzteilnehmer, Besucher von Unternehmen, Mitarbeiter auf Messen, in Gesch\u00e4ften, Dienstleistungsberufe und Verk\u00e4ufer \u2013 die Liste l\u00e4sst sich erweitern, wo Bedarf an Namensschildern in unterschiedlichen Gr\u00f6\u00dfen, Designs und Befestigungsm\u00f6glichkeiten besteht. Dies ist ein kleines, klassisches und schlichtes Namensschild 30x60mm mit durchdachten Funktionen; Die S-f\u00f6rmige Nadel verhindert, dass das Namensschild nach unten wackelt, wenn es an der Kleidung befestigt wird. Die Nadelspitze ist gesch\u00fctzt, damit sie den Tr\u00e4ger nicht sticht, und der Daumengriff erleichtert das Entfernen der Karte. Wei\u00dfe Etiketten im Streifen sind im Lieferumfang enthalten. Etiketten auf A4-Bl\u00e4ttern zum Ausdrucken in Druckern k\u00f6nnen separat bestellt werden. Verwenden Sie das kostenlose Programm DURAPRINT\u00ae, das unter www.duraprint.se erh\u00e4ltlich ist, um stilvolle Namensschilder zu erstellen und zu drucken.<br \/>\nZubeh\u00f6r:<br \/>\nBadgemaker\u00ae-Etiketten auf A4-Bl\u00e4ttern zum Ausdrucken im Drucker, Art.-Nr<\/p>","protected":false},"excerpt":{"rendered":"<p>Kleines, flexibles Namensschild 30\u00d760, das mit einer Sicherheitsnadel befestigt wird. 100 St\u00fcck\/Karton<\/p>","protected":false},"featured_media":133664,"template":"","meta":{"_acf_changed":false},"product_brand":[],"product_cat":[4282],"product_tag":[4376],"class_list":{"0":"post-115737","1":"product","2":"type-product","3":"status-publish","4":"has-post-thumbnail","6":"product_cat-namnskyltar-med-nal","7":"product_tag-transparent","8":"product_shipping_class-tunga-paket","9":"pa_brands-durable","10":"pa_farg-transparent","11":"tm-no-options","13":"first","14":"instock","15":"sale","16":"taxable","17":"shipping-taxable","18":"purchasable","19":"product-type-simple"},"acf":[],"_links":{"self":[{"href":"https:\/\/secureus.se\/de\/wp-json\/wp\/v2\/product\/115737","targetHints":{"allow":["GET"]}}],"collection":[{"href":"https:\/\/secureus.se\/de\/wp-json\/wp\/v2\/product"}],"about":[{"href":"https:\/\/secureus.se\/de\/wp-json\/wp\/v2\/types\/product"}],"wp:featuredmedia":[{"embeddable":true,"href":"https:\/\/secureus.se\/de\/wp-json\/wp\/v2\/media\/133664"}],"wp:attachment":[{"href":"https:\/\/secureus.se\/de\/wp-json\/wp\/v2\/media?parent=115737"}],"wp:term":[{"taxonomy":"product_brand","embeddable":true,"href":"https:\/\/secureus.se\/de\/wp-json\/wp\/v2\/product_brand?post=115737"},{"taxonomy":"product_cat","embeddable":true,"href":"https:\/\/secureus.se\/de\/wp-json\/wp\/v2\/product_cat?post=115737"},{"taxonomy":"product_tag","embeddable":true,"href":"https:\/\/secureus.se\/de\/wp-json\/wp\/v2\/product_tag?post=115737"}],"curies":[{"name":"wp","href":"https:\/\/api.w.org\/{rel}","templated":true}]}}