{"id":115782,"date":"2024-11-20T14:16:43","date_gmt":"2024-11-20T13:16:43","guid":{"rendered":"https:\/\/secureus.se\/?post_type=product&#038;p=115782"},"modified":"2026-01-12T12:00:23","modified_gmt":"2026-01-12T11:00:23","slug":"pabudsdekal-anvand-munskydd-borttagbar","status":"publish","type":"product","link":"https:\/\/secureus.se\/de\/pabudsdekal-anvand-munskydd-borttagbar\/","title":{"rendered":"Gebotsaufkleber \u201eMundschutz verwenden\u201c abnehmbar"},"content":{"rendered":"<p>F\u00fcr mehr Sicherheit im \u00f6ffentlichen Raum: Bodenmarkierungsaufkleber mit Gebots- oder Verbotssymbolen, die dabei helfen, Hygiene- und Abstandsregeln zu kommunizieren. Selbstklebender, wiederabl\u00f6sbarer, gro\u00dfer Bodenaufkleber \u201eMundschutz verwenden\u201c weist deutlich darauf hin, dass im Bereich (z. B. Gesch\u00e4fte, Fitnessstudios, Hotels, Restaurants) ein Mundschutz, eine Atemmaske oder \u00e4hnliches verwendet werden muss. Wird auf sauberen und trockenen Betonb\u00f6den befestigt. Rutschhemmklasse R9 nach DIN 51130. Die Schilder erf\u00fcllen die Anforderungen der ISO 7010.<br \/>\nAbmessungen: \u00d8 430 mm, Dicke 0,2 mm<\/p>","protected":false},"excerpt":{"rendered":"<p>Selbstklebendes, wiederabl\u00f6sbares Gebotsschild zur Bodenanbringung. Informiert anschaulich \u00fcber die Verwendung eines Mundschutzes und tr\u00e4gt zu mehr Sicherheit und Risikobewusstsein bei.<\/p>","protected":false},"featured_media":133529,"template":"","meta":{"_acf_changed":false},"product_brand":[],"product_cat":[4307],"product_tag":[4387],"class_list":{"0":"post-115782","1":"product","2":"type-product","3":"status-publish","4":"has-post-thumbnail","6":"product_cat-sakerhetsmarkning","7":"product_tag-bla","8":"product_shipping_class-tunga-paket","9":"pa_brands-durable","10":"pa_farg-bla","11":"tm-no-options","13":"first","14":"instock","15":"sale","16":"taxable","17":"shipping-taxable","18":"purchasable","19":"product-type-simple"},"acf":[],"_links":{"self":[{"href":"https:\/\/secureus.se\/de\/wp-json\/wp\/v2\/product\/115782","targetHints":{"allow":["GET"]}}],"collection":[{"href":"https:\/\/secureus.se\/de\/wp-json\/wp\/v2\/product"}],"about":[{"href":"https:\/\/secureus.se\/de\/wp-json\/wp\/v2\/types\/product"}],"wp:featuredmedia":[{"embeddable":true,"href":"https:\/\/secureus.se\/de\/wp-json\/wp\/v2\/media\/133529"}],"wp:attachment":[{"href":"https:\/\/secureus.se\/de\/wp-json\/wp\/v2\/media?parent=115782"}],"wp:term":[{"taxonomy":"product_brand","embeddable":true,"href":"https:\/\/secureus.se\/de\/wp-json\/wp\/v2\/product_brand?post=115782"},{"taxonomy":"product_cat","embeddable":true,"href":"https:\/\/secureus.se\/de\/wp-json\/wp\/v2\/product_cat?post=115782"},{"taxonomy":"product_tag","embeddable":true,"href":"https:\/\/secureus.se\/de\/wp-json\/wp\/v2\/product_tag?post=115782"}],"curies":[{"name":"wp","href":"https:\/\/api.w.org\/{rel}","templated":true}]}}