{"id":115794,"date":"2024-11-20T14:16:43","date_gmt":"2024-11-20T13:16:43","guid":{"rendered":"https:\/\/secureus.se\/?post_type=product&#038;p=115794"},"modified":"2026-01-12T12:00:08","modified_gmt":"2026-01-12T11:00:08","slug":"pabudsdekal-anvand-skyddshandskar-borttagbar","status":"publish","type":"product","link":"https:\/\/secureus.se\/de\/pabudsdekal-anvand-skyddshandskar-borttagbar\/","title":{"rendered":"Gebotsaufkleber \u201eSchutzhandschuhe tragen\u201c abnehmbar"},"content":{"rendered":"<p>F\u00fcr mehr Sicherheit im \u00f6ffentlichen Raum: Bodenmarkierungsaufkleber mit Gebots- oder Verbotssymbolen, die dabei helfen, Hygiene- und Abstandsregeln zu kommunizieren. Der selbstklebende, wiederabl\u00f6sbare, gro\u00dfe Bodenaufkleber \u201eSchutzhandschuhe verwenden\u201c weist deutlich darauf hin, dass in der Umgebung (z. B. Gesch\u00e4fte, Fitnessstudios, Hotels, Restaurants) Schutzhandschuhe getragen werden m\u00fcssen. Wird auf sauberen und trockenen Betonb\u00f6den befestigt. Rutschhemmklasse R9 nach DIN 51130. Die Schilder erf\u00fcllen die Anforderungen der ISO 7010.<br \/>\nAbmessungen: \u00d8 430 mm, Dicke 0,2 mm<\/p>","protected":false},"excerpt":{"rendered":"<p>Selbstklebendes, wiederabl\u00f6sbares Gebotsschild zur Bodenanbringung. Informiert anschaulich \u00fcber die Verwendung von Schutzhandschuhen und tr\u00e4gt zu einem erh\u00f6hten Sicherheits- und Risikobewusstsein bei.<\/p>","protected":false},"featured_media":133714,"template":"","meta":{"_acf_changed":false},"product_brand":[],"product_cat":[4307],"product_tag":[4387],"class_list":{"0":"post-115794","1":"product","2":"type-product","3":"status-publish","4":"has-post-thumbnail","6":"product_cat-sakerhetsmarkning","7":"product_tag-bla","8":"product_shipping_class-tunga-paket","9":"pa_brands-durable","10":"pa_farg-bla","11":"tm-no-options","13":"first","14":"instock","15":"sale","16":"taxable","17":"shipping-taxable","18":"purchasable","19":"product-type-simple"},"acf":[],"_links":{"self":[{"href":"https:\/\/secureus.se\/de\/wp-json\/wp\/v2\/product\/115794","targetHints":{"allow":["GET"]}}],"collection":[{"href":"https:\/\/secureus.se\/de\/wp-json\/wp\/v2\/product"}],"about":[{"href":"https:\/\/secureus.se\/de\/wp-json\/wp\/v2\/types\/product"}],"wp:featuredmedia":[{"embeddable":true,"href":"https:\/\/secureus.se\/de\/wp-json\/wp\/v2\/media\/133714"}],"wp:attachment":[{"href":"https:\/\/secureus.se\/de\/wp-json\/wp\/v2\/media?parent=115794"}],"wp:term":[{"taxonomy":"product_brand","embeddable":true,"href":"https:\/\/secureus.se\/de\/wp-json\/wp\/v2\/product_brand?post=115794"},{"taxonomy":"product_cat","embeddable":true,"href":"https:\/\/secureus.se\/de\/wp-json\/wp\/v2\/product_cat?post=115794"},{"taxonomy":"product_tag","embeddable":true,"href":"https:\/\/secureus.se\/de\/wp-json\/wp\/v2\/product_tag?post=115794"}],"curies":[{"name":"wp","href":"https:\/\/api.w.org\/{rel}","templated":true}]}}