{"id":115817,"date":"2024-11-20T14:04:21","date_gmt":"2024-11-20T13:04:21","guid":{"rendered":"https:\/\/secureus.se\/?post_type=product&#038;p=115817"},"modified":"2026-01-12T12:10:57","modified_gmt":"2026-01-12T11:10:57","slug":"forsta-hjalpen-produkter-set-l-din-131572021","status":"publish","type":"product","link":"https:\/\/secureus.se\/de\/forsta-hjalpen-produkter-set-l-din-131572021\/","title":{"rendered":"Erste-Hilfe-Produkte-Set L DIN 13157:2021"},"content":{"rendered":"<p>Sammeln Sie Erste-Hilfe-Materialien, Kopfschmerztabletten und \u00c4hnliches an einem Ort, damit Sie bei Bedarf leicht darauf zugreifen k\u00f6nnen. ERSTE-HILFE-KIT L ist ein komplettes Sortiment an Erste-Hilfe-Artikeln, z. B. Pflaster, Kompressen, Bandagen, Klebeband, Plastikhandschuhe, Rettungsdecke (sch\u00fctzt vor Unterk\u00fchlung) nach DIN 13157 (geeignet f\u00fcr Verwaltungs- und Gewerbebetriebe mit bis zu 50 Mitarbeitern). , produzierende Unternehmen mit bis zu 20 Mitarbeitern oder Baustellen mit bis zu 10 Mitarbeitern). Geeignet als F\u00fcllung oder Nachf\u00fcller f\u00fcr die ERSTE-HILFE-BOX L.<br \/>\nZubeh\u00f6r: Leerer Erste-Hilfe-Schrank, Art.-Nr. 197323<\/p>","protected":false},"excerpt":{"rendered":"<p>Set mit 65 Erste-Hilfe-Artikeln f\u00fcr den Einsatz im Berufs- und Vereinsleben.<\/p>","protected":false},"featured_media":133915,"template":"","meta":{"_acf_changed":false},"product_brand":[],"product_cat":[1573],"product_tag":[],"class_list":{"0":"post-115817","1":"product","2":"type-product","3":"status-publish","4":"has-post-thumbnail","6":"product_cat-forsta-hjalpen","7":"product_shipping_class-tunga-paket","8":"pa_brands-durable","9":"tm-no-options","11":"first","12":"instock","13":"sale","14":"taxable","15":"shipping-taxable","16":"purchasable","17":"product-type-simple"},"acf":[],"_links":{"self":[{"href":"https:\/\/secureus.se\/de\/wp-json\/wp\/v2\/product\/115817","targetHints":{"allow":["GET"]}}],"collection":[{"href":"https:\/\/secureus.se\/de\/wp-json\/wp\/v2\/product"}],"about":[{"href":"https:\/\/secureus.se\/de\/wp-json\/wp\/v2\/types\/product"}],"wp:featuredmedia":[{"embeddable":true,"href":"https:\/\/secureus.se\/de\/wp-json\/wp\/v2\/media\/133915"}],"wp:attachment":[{"href":"https:\/\/secureus.se\/de\/wp-json\/wp\/v2\/media?parent=115817"}],"wp:term":[{"taxonomy":"product_brand","embeddable":true,"href":"https:\/\/secureus.se\/de\/wp-json\/wp\/v2\/product_brand?post=115817"},{"taxonomy":"product_cat","embeddable":true,"href":"https:\/\/secureus.se\/de\/wp-json\/wp\/v2\/product_cat?post=115817"},{"taxonomy":"product_tag","embeddable":true,"href":"https:\/\/secureus.se\/de\/wp-json\/wp\/v2\/product_tag?post=115817"}],"curies":[{"name":"wp","href":"https:\/\/api.w.org\/{rel}","templated":true}]}}