{"id":115835,"date":"2024-11-20T14:04:21","date_gmt":"2024-11-20T13:04:21","guid":{"rendered":"https:\/\/secureus.se\/?post_type=product&#038;p=115835"},"modified":"2026-04-09T10:31:30","modified_gmt":"2026-04-09T08:31:30","slug":"forsta-hjalpen-skap-first-aid-box-l-med-innehall-enl-din-131572021","status":"publish","type":"product","link":"https:\/\/secureus.se\/de\/forsta-hjalpen-skap-first-aid-box-l-med-innehall-enl-din-131572021\/","title":{"rendered":"Erste-Hilfe-Schrank FIRST AID BOX L mit Inhalt gem. DIN 13157:2021"},"content":{"rendered":"<p>Samla f\u00f6rbandsartiklar, huvudv\u00e4rkstabletter och liknande p\u00e5 ett och samma st\u00e4lle, s\u00e5 att det \u00e4r l\u00e4tt \u00e5tkomligt n\u00e4r det beh\u00f6vs. Designat f\u00f6rsta hj\u00e4lpen sk\u00e5p av aluminium med 3 sv\u00e4ngbara fack som som kan fyllas med inneh\u00e5ll efter behov. Skruv och plugg f\u00f6r v\u00e4ggmontering och ett sj\u00e4lvh\u00e4ftande f\u00f6rsta hj\u00e4lpen m\u00e4rke f\u00f6ljer med. Cylinderl\u00e5s inklusive 2 nycklar g\u00f6r sk\u00e5pet l\u00e5sbart. Levereras med FIRST AID KIT L &#8211; ett f\u00e4rdigt sortiment med f\u00f6rbandsartiklar, t ex pl\u00e5ster, kompresser, bandage, tejp, plasthandskar, r\u00e4ddningsfilt (som skyddar mot nerkylning) enligt DIN 13157 (passande f\u00f6r administrativa och kommersiella f\u00f6retag med upp till 50 anst\u00e4llda, tillverkningsf\u00f6retag med upp till 20 anst\u00e4llda eller byggarbetsplatser med upp till 10 anst\u00e4llda). M\u00e5tt: 40x30x12cm HxBxD.<\/p>","protected":false},"excerpt":{"rendered":"<p>Erste-Hilfe-Schrank aus Aluminium mit drei F\u00e4chern inklusive einem Set mit 65 Erste-Hilfe-Artikeln.<\/p>","protected":false},"featured_media":133906,"template":"","meta":{"_acf_changed":false},"product_brand":[],"product_cat":[1573],"product_tag":[4382],"class_list":{"0":"post-115835","1":"product","2":"type-product","3":"status-publish","4":"has-post-thumbnail","6":"product_cat-forsta-hjalpen","7":"product_tag-silver","8":"product_shipping_class-tunga-paket","9":"pa_brands-durable","10":"pa_farg-silver","11":"tm-no-options","13":"first","14":"instock","15":"sale","16":"taxable","17":"shipping-taxable","18":"purchasable","19":"product-type-simple"},"acf":[],"_links":{"self":[{"href":"https:\/\/secureus.se\/de\/wp-json\/wp\/v2\/product\/115835","targetHints":{"allow":["GET"]}}],"collection":[{"href":"https:\/\/secureus.se\/de\/wp-json\/wp\/v2\/product"}],"about":[{"href":"https:\/\/secureus.se\/de\/wp-json\/wp\/v2\/types\/product"}],"wp:featuredmedia":[{"embeddable":true,"href":"https:\/\/secureus.se\/de\/wp-json\/wp\/v2\/media\/133906"}],"wp:attachment":[{"href":"https:\/\/secureus.se\/de\/wp-json\/wp\/v2\/media?parent=115835"}],"wp:term":[{"taxonomy":"product_brand","embeddable":true,"href":"https:\/\/secureus.se\/de\/wp-json\/wp\/v2\/product_brand?post=115835"},{"taxonomy":"product_cat","embeddable":true,"href":"https:\/\/secureus.se\/de\/wp-json\/wp\/v2\/product_cat?post=115835"},{"taxonomy":"product_tag","embeddable":true,"href":"https:\/\/secureus.se\/de\/wp-json\/wp\/v2\/product_tag?post=115835"}],"curies":[{"name":"wp","href":"https:\/\/api.w.org\/{rel}","templated":true}]}}