{"id":115847,"date":"2024-11-20T14:04:21","date_gmt":"2024-11-20T13:04:21","guid":{"rendered":"https:\/\/secureus.se\/?post_type=product&#038;p=115847"},"modified":"2026-01-12T13:01:16","modified_gmt":"2026-01-12T12:01:16","slug":"flexiboxx-12-a4-liggande-brochyrfack-3","status":"publish","type":"product","link":"https:\/\/secureus.se\/de\/flexiboxx-12-a4-liggande-brochyrfack-3\/","title":{"rendered":"FLEXIBOXX 12 A4 horizontale Prospektablage"},"content":{"rendered":"<p>Formularfach, Prospektst\u00e4nder, Briefkasten \u2013 FLEXIBOXX ist eine Serie platzsparender, flexibler und wandmontierter Halter f\u00fcr Brosch\u00fcren, Zeitschriften, Formulare und andere Informationen im A4-Format. Jedes Fach hat ein Fassungsverm\u00f6gen von 24 mm dicken B\u00fcndeln. Es handelt sich um ein Komplettset mit 12 F\u00e4chern im Querformat, einer Frontplatte sowie Schrauben und D\u00fcbeln. Die Ma\u00dfe jedes einzelnen Faches betragen 35x28x3,5 cm (BxHxT). Zusammengebaut und abgewinkelt von der Wand montiert, misst es 9,5 cm, ist 35 cm breit und 104 cm hoch.<\/p>","protected":false},"excerpt":{"rendered":"<p>Komplettset mit 12 Prospektablagen FLEXIBOXX A4 im Querformat und einer Frontplatte.<\/p>","protected":false},"featured_media":133894,"template":"","meta":{"_acf_changed":false},"product_brand":[],"product_cat":[4280],"product_tag":[4396],"class_list":{"0":"post-115847","1":"product","2":"type-product","3":"status-publish","4":"has-post-thumbnail","6":"product_cat-broschyrstall","7":"product_tag-vit","8":"product_shipping_class-tunga-paket","9":"pa_brands-durable","10":"pa_farg-vit","11":"tm-no-options","13":"first","14":"instock","15":"sale","16":"taxable","17":"shipping-taxable","18":"purchasable","19":"product-type-simple"},"acf":[],"_links":{"self":[{"href":"https:\/\/secureus.se\/de\/wp-json\/wp\/v2\/product\/115847","targetHints":{"allow":["GET"]}}],"collection":[{"href":"https:\/\/secureus.se\/de\/wp-json\/wp\/v2\/product"}],"about":[{"href":"https:\/\/secureus.se\/de\/wp-json\/wp\/v2\/types\/product"}],"wp:featuredmedia":[{"embeddable":true,"href":"https:\/\/secureus.se\/de\/wp-json\/wp\/v2\/media\/133894"}],"wp:attachment":[{"href":"https:\/\/secureus.se\/de\/wp-json\/wp\/v2\/media?parent=115847"}],"wp:term":[{"taxonomy":"product_brand","embeddable":true,"href":"https:\/\/secureus.se\/de\/wp-json\/wp\/v2\/product_brand?post=115847"},{"taxonomy":"product_cat","embeddable":true,"href":"https:\/\/secureus.se\/de\/wp-json\/wp\/v2\/product_cat?post=115847"},{"taxonomy":"product_tag","embeddable":true,"href":"https:\/\/secureus.se\/de\/wp-json\/wp\/v2\/product_tag?post=115847"}],"curies":[{"name":"wp","href":"https:\/\/api.w.org\/{rel}","templated":true}]}}