{"id":115869,"date":"2024-11-20T14:13:37","date_gmt":"2024-11-20T13:13:37","guid":{"rendered":"https:\/\/secureus.se\/?post_type=product&#038;p=115869"},"modified":"2026-01-12T12:51:43","modified_gmt":"2026-01-12T11:51:43","slug":"namnskylt-a6-halsband-duo-2","status":"publish","type":"product","link":"https:\/\/secureus.se\/de\/namnskylt-a6-halsband-duo-2\/","title":{"rendered":"Namensschild A6, Halsketten-Duo"},"content":{"rendered":"<p>F\u00fcr Teilnehmer von Konferenzen, Events und Kick-Offs ist es praktisch, ein Veranstaltungsschild zu haben, das als Namensschild, aber auch f\u00fcr Programmpunkte und andere Informationen genutzt werden kann. Dies ist eine A6-Tasche aus Polypropylen mit Visitenkartenfach auf der R\u00fcckseite, komplett mit 2 cm breitem Textilkragen mit Sicherheits\u00f6ffnung und zwei Karabinern. Doppelte Karabiner sorgen daf\u00fcr, dass das Schild immer gerade h\u00e4ngt, sodass die Teilnehmer die Namen der anderen sehen k\u00f6nnen. Die Halskette ist einschlie\u00dflich der Haken 100 cm lang und das Textilband allein ist 88 cm lang. Wei\u00dfe Etiketten im Streifen sind im Lieferumfang enthalten. Etiketten auf A4-Bl\u00e4ttern zum Ausdrucken in Druckern k\u00f6nnen separat bestellt werden. Verwenden Sie das kostenlose Programm DURAPRINT\u00ae, das unter www.duraprint.se verf\u00fcgbar ist, um stilvolle Namensschilder zu erstellen und zu drucken.<br \/>\nZubeh\u00f6r:<br \/>\nBadgemaker\u00ae-Etiketten auf A4-Bl\u00e4ttern zum Ausdrucken im Drucker, Art.-Nr<\/p>","protected":false},"excerpt":{"rendered":"<p>Namensschild f\u00fcr Veranstaltungen mit einer A6-Tasche mit Platz f\u00fcr z.B. Programmpunkte. Komplett mit Textilhalskette. <\/p>","protected":false},"featured_media":133777,"template":"","meta":{"_acf_changed":false},"product_brand":[],"product_cat":[4283],"product_tag":[4387],"class_list":{"0":"post-115869","1":"product","2":"type-product","3":"status-publish","4":"has-post-thumbnail","6":"product_cat-namnskyltar-med-nyckelband","7":"product_tag-bla","8":"product_shipping_class-tunga-paket","9":"pa_brands-durable","10":"pa_farg-bla","11":"tm-no-options","13":"first","14":"instock","15":"sale","16":"taxable","17":"shipping-taxable","18":"purchasable","19":"product-type-simple"},"acf":[],"_links":{"self":[{"href":"https:\/\/secureus.se\/de\/wp-json\/wp\/v2\/product\/115869","targetHints":{"allow":["GET"]}}],"collection":[{"href":"https:\/\/secureus.se\/de\/wp-json\/wp\/v2\/product"}],"about":[{"href":"https:\/\/secureus.se\/de\/wp-json\/wp\/v2\/types\/product"}],"wp:featuredmedia":[{"embeddable":true,"href":"https:\/\/secureus.se\/de\/wp-json\/wp\/v2\/media\/133777"}],"wp:attachment":[{"href":"https:\/\/secureus.se\/de\/wp-json\/wp\/v2\/media?parent=115869"}],"wp:term":[{"taxonomy":"product_brand","embeddable":true,"href":"https:\/\/secureus.se\/de\/wp-json\/wp\/v2\/product_brand?post=115869"},{"taxonomy":"product_cat","embeddable":true,"href":"https:\/\/secureus.se\/de\/wp-json\/wp\/v2\/product_cat?post=115869"},{"taxonomy":"product_tag","embeddable":true,"href":"https:\/\/secureus.se\/de\/wp-json\/wp\/v2\/product_tag?post=115869"}],"curies":[{"name":"wp","href":"https:\/\/api.w.org\/{rel}","templated":true}]}}