{"id":115891,"date":"2024-11-05T17:16:03","date_gmt":"2024-11-05T16:16:03","guid":{"rendered":"https:\/\/secureus.se\/?post_type=product&#038;p=115891"},"modified":"2026-01-12T12:29:57","modified_gmt":"2026-01-12T11:29:57","slug":"sladdgomma-cavoline-box-l","status":"publish","type":"product","link":"https:\/\/secureus.se\/de\/sladdgomma-cavoline-box-l\/","title":{"rendered":"Kabelversteck CAVOLINE\u00ae BOX L"},"content":{"rendered":"<p>Sorgen Sie mit CAVOLINE\u00ae sowohl im B\u00fcro als auch im privaten Umfeld f\u00fcr Ordnung in den Kabeln. Sammeln Sie die Kabel und es sieht ordentlicher aus und ist auch leichter zu reinigen. <\/p>\n<p>Formsch\u00f6ne Kabelbox aus schwer entflammbarem Kunststoff f\u00fcr Kabel und 5-fach-Abzweigdosen<br \/>\n. Gummi\u00fcberzogene \u00d6ffnungen f\u00fcr Kabel auf beiden Kartenseiten. Die \u00d6ffnungen dienen auch als Bel\u00fcftungsl\u00f6cher. H\u00fclle mit praktischer Kabeldurchf\u00fchrung f\u00fcr das Ladekabel des Mobiltelefons. Gro\u00dfe Gummif\u00fc\u00dfe sorgen f\u00fcr einen festen Stand des Kabelverstecks<br \/>\n. Abmessungen: 406 x 156 x 139 mm (B x H x T)<\/p>","protected":false},"excerpt":{"rendered":"<p>Hochwertige Kabelbox aus schwer entflammbarem Kunststoff. <\/p>","protected":false},"featured_media":135985,"template":"","meta":{"_acf_changed":false},"product_brand":[],"product_cat":[4287],"product_tag":[4393],"class_list":{"0":"post-115891","1":"product","2":"type-product","3":"status-publish","4":"has-post-thumbnail","6":"product_cat-kabelsamlare","7":"product_tag-gra","8":"product_shipping_class-tunga-paket","9":"pa_brands-durable","10":"pa_farg-gra","11":"tm-no-options","13":"first","14":"instock","15":"sale","16":"taxable","17":"shipping-taxable","18":"purchasable","19":"product-type-simple"},"acf":[],"_links":{"self":[{"href":"https:\/\/secureus.se\/de\/wp-json\/wp\/v2\/product\/115891","targetHints":{"allow":["GET"]}}],"collection":[{"href":"https:\/\/secureus.se\/de\/wp-json\/wp\/v2\/product"}],"about":[{"href":"https:\/\/secureus.se\/de\/wp-json\/wp\/v2\/types\/product"}],"wp:featuredmedia":[{"embeddable":true,"href":"https:\/\/secureus.se\/de\/wp-json\/wp\/v2\/media\/135985"}],"wp:attachment":[{"href":"https:\/\/secureus.se\/de\/wp-json\/wp\/v2\/media?parent=115891"}],"wp:term":[{"taxonomy":"product_brand","embeddable":true,"href":"https:\/\/secureus.se\/de\/wp-json\/wp\/v2\/product_brand?post=115891"},{"taxonomy":"product_cat","embeddable":true,"href":"https:\/\/secureus.se\/de\/wp-json\/wp\/v2\/product_cat?post=115891"},{"taxonomy":"product_tag","embeddable":true,"href":"https:\/\/secureus.se\/de\/wp-json\/wp\/v2\/product_tag?post=115891"}],"curies":[{"name":"wp","href":"https:\/\/api.w.org\/{rel}","templated":true}]}}