{"id":115895,"date":"2024-11-20T14:14:09","date_gmt":"2024-11-20T13:14:09","guid":{"rendered":"https:\/\/secureus.se\/?post_type=product&#038;p=115895"},"modified":"2026-01-12T12:47:40","modified_gmt":"2026-01-12T11:47:40","slug":"namnskylt-click-fold-40x75-magnetfaste","status":"publish","type":"product","link":"https:\/\/secureus.se\/de\/namnskylt-click-fold-40x75-magnetfaste\/","title":{"rendered":"Namensschild CLICK FOLD 40\u00d775, magnetische Befestigung"},"content":{"rendered":"<p>Konferenzteilnehmer, Besucher von Unternehmen, Mitarbeiter auf Messen, in Gesch\u00e4ften, Dienstleistungsberufe und Verk\u00e4ufer \u2013 die Liste l\u00e4sst sich erweitern, wo Bedarf an Namensschildern in unterschiedlichen Gr\u00f6\u00dfen, Designs und Befestigungsm\u00f6glichkeiten besteht. Die Clic Fold-Serie besteht aus 70% recyceltem Polypropylen-Kunststoff, faltbar mit einem \u201eSchnappverschluss\u201c zum einfachen Austauschen des Etiketts, das dennoch immer sicher an Ort und Stelle bleibt. Dieses 40 x 75 mm gro\u00dfe Namensschild verf\u00fcgt \u00fcber eine textilfreundliche Magnetbefestigung, die sich gut f\u00fcr empfindliche Kleidung eignet. AUFMERKSAMKEIT! Nicht geeignet f\u00fcr Personen mit Herzschrittmacher. Wei\u00dfe Etiketten im Streifen sind im Lieferumfang enthalten. Etiketten auf A4-Bl\u00e4ttern zum Ausdrucken in Druckern k\u00f6nnen separat bestellt werden. Verwenden Sie das kostenlose Programm DURAPRINT\u00ae, das unter www.duraprint.se erh\u00e4ltlich ist, um stilvolle Namensschilder zu erstellen und zu drucken.<br \/>\nZubeh\u00f6r:<br \/>\nBadgemaker\u00ae-Etiketten auf A4-Bl\u00e4ttern zum Ausdrucken im Drucker, Art.-Nr<\/p>","protected":false},"excerpt":{"rendered":"<p>Leichtes, konvexes Namensschild mit \u201eSchnappverschluss\u201c, das mit einem Magnetverschluss befestigt wird. Gr\u00f6\u00dfe 40x75mm. 10 St\u00fcck\/Karton<\/p>","protected":false},"featured_media":133759,"template":"","meta":{"_acf_changed":false},"product_brand":[],"product_cat":[4286],"product_tag":[4376],"class_list":{"0":"post-115895","1":"product","2":"type-product","3":"status-publish","4":"has-post-thumbnail","6":"product_cat-namnskyltar-med-magnet","7":"product_tag-transparent","8":"product_shipping_class-tunga-paket","9":"pa_brands-durable","10":"pa_farg-transparent","11":"tm-no-options","13":"first","14":"instock","15":"sale","16":"taxable","17":"shipping-taxable","18":"purchasable","19":"product-type-simple"},"acf":[],"_links":{"self":[{"href":"https:\/\/secureus.se\/de\/wp-json\/wp\/v2\/product\/115895","targetHints":{"allow":["GET"]}}],"collection":[{"href":"https:\/\/secureus.se\/de\/wp-json\/wp\/v2\/product"}],"about":[{"href":"https:\/\/secureus.se\/de\/wp-json\/wp\/v2\/types\/product"}],"wp:featuredmedia":[{"embeddable":true,"href":"https:\/\/secureus.se\/de\/wp-json\/wp\/v2\/media\/133759"}],"wp:attachment":[{"href":"https:\/\/secureus.se\/de\/wp-json\/wp\/v2\/media?parent=115895"}],"wp:term":[{"taxonomy":"product_brand","embeddable":true,"href":"https:\/\/secureus.se\/de\/wp-json\/wp\/v2\/product_brand?post=115895"},{"taxonomy":"product_cat","embeddable":true,"href":"https:\/\/secureus.se\/de\/wp-json\/wp\/v2\/product_cat?post=115895"},{"taxonomy":"product_tag","embeddable":true,"href":"https:\/\/secureus.se\/de\/wp-json\/wp\/v2\/product_tag?post=115895"}],"curies":[{"name":"wp","href":"https:\/\/api.w.org\/{rel}","templated":true}]}}