{"id":115896,"date":"2024-12-07T15:21:10","date_gmt":"2024-12-07T14:21:10","guid":{"rendered":"https:\/\/secureus.se\/?post_type=product&#038;p=115896"},"modified":"2026-01-12T12:38:34","modified_gmt":"2026-01-12T11:38:34","slug":"bladderstall-function-wall-20","status":"publish","type":"product","link":"https:\/\/secureus.se\/de\/bladderstall-function-wall-20\/","title":{"rendered":"Flip-Rack FUNCTION WALL 20"},"content":{"rendered":"<p>Informations- und Pr\u00e4sentationsst\u00e4nde, die viele verschiedene Namen haben; Panel, Display, \u00dcbersichtssystem, Fl\u00fcgelregister, PLU-Halter, Dokumentenhalter, Lat-Dog.... Unabh\u00e4ngig vom Namen findet es vielf\u00e4ltige Einsatzm\u00f6glichkeiten in Lagerhallen, Produktionsanlagen, Kassen usw. Im \u00dcbersichtssystem werden h\u00e4ufig genutzte Informationen gespeichert, schnell gefunden und einfach eingesehen. FUNCTION WALL 20 ist ein vollst\u00e4ndiger Wandhalter aus Metall mit 20 scannbaren Kunststofftaschen mit roten, gelben, gr\u00fcnen und blauen R\u00e4ndern und festen Kopfzeilenhaltern. F\u00fcr Dokumente im A4-Format. Beim Einsetzen und Herausnehmen der Taschen empfiehlt es sich, die Tasche entlang der inneren L\u00e4ngsseite in der Mitte vorsichtig etwas zu biegen, so l\u00e4sst sich die Tasche leicht einsetzen und herausnehmen, ohne die Spikes in der Halterung zu besch\u00e4digen.<\/p>","protected":false},"excerpt":{"rendered":"<p>Komplettes Wandregal aus Metall mit 20 aufklappbaren A4-Paneelen, um h\u00e4ufig verwendete Informationen schnell und \u00fcbersichtlich zur Hand zu haben. <\/p>","protected":false},"featured_media":135278,"template":"","meta":{"_acf_changed":false},"product_brand":[],"product_cat":[4301],"product_tag":[4397],"class_list":{"0":"post-115896","1":"product","2":"type-product","3":"status-publish","4":"has-post-thumbnail","6":"product_cat-tillbehor-till-bladderpanelsystem","7":"product_tag-mix","8":"product_shipping_class-tunga-paket","9":"pa_brands-durable","10":"pa_farg-mix","11":"tm-no-options","13":"first","14":"instock","15":"sale","16":"taxable","17":"shipping-taxable","18":"purchasable","19":"product-type-simple"},"acf":[],"_links":{"self":[{"href":"https:\/\/secureus.se\/de\/wp-json\/wp\/v2\/product\/115896","targetHints":{"allow":["GET"]}}],"collection":[{"href":"https:\/\/secureus.se\/de\/wp-json\/wp\/v2\/product"}],"about":[{"href":"https:\/\/secureus.se\/de\/wp-json\/wp\/v2\/types\/product"}],"wp:featuredmedia":[{"embeddable":true,"href":"https:\/\/secureus.se\/de\/wp-json\/wp\/v2\/media\/135278"}],"wp:attachment":[{"href":"https:\/\/secureus.se\/de\/wp-json\/wp\/v2\/media?parent=115896"}],"wp:term":[{"taxonomy":"product_brand","embeddable":true,"href":"https:\/\/secureus.se\/de\/wp-json\/wp\/v2\/product_brand?post=115896"},{"taxonomy":"product_cat","embeddable":true,"href":"https:\/\/secureus.se\/de\/wp-json\/wp\/v2\/product_cat?post=115896"},{"taxonomy":"product_tag","embeddable":true,"href":"https:\/\/secureus.se\/de\/wp-json\/wp\/v2\/product_tag?post=115896"}],"curies":[{"name":"wp","href":"https:\/\/api.w.org\/{rel}","templated":true}]}}